{"id":16417,"date":"2023-04-23T03:12:20","date_gmt":"2023-04-23T10:12:20","guid":{"rendered":"https:\/\/caffenio.com\/our-company\/"},"modified":"2025-03-02T07:43:56","modified_gmt":"2025-03-02T14:43:56","slug":"ourcompany","status":"publish","type":"page","link":"https:\/\/caffenio.com\/us\/ourcompany\/","title":{"rendered":"OUR COMPANY"},"content":{"rendered":"\t\t<div data-elementor-type=\"wp-page\" data-elementor-id=\"16417\" class=\"elementor elementor-16417 elementor-5759\" data-elementor-post-type=\"page\">\n\t\t\t\t\t\t<section class=\"elementor-section elementor-top-section elementor-element elementor-element-6cfe3a1 elementor-section-height-min-height elementor-section-boxed elementor-section-height-default elementor-section-items-middle\" data-id=\"6cfe3a1\" data-element_type=\"section\" data-e-type=\"section\" data-settings=\"{&quot;background_background&quot;:&quot;classic&quot;}\">\n\t\t\t\t\t\t\t<div class=\"elementor-background-overlay\"><\/div>\n\t\t\t\t\t\t\t<div class=\"elementor-container elementor-column-gap-default\">\n\t\t\t\t\t<div class=\"elementor-column elementor-col-100 elementor-top-column elementor-element elementor-element-835ea3b\" data-id=\"835ea3b\" data-element_type=\"column\" data-e-type=\"column\">\n\t\t\t<div class=\"elementor-widget-wrap elementor-element-populated\">\n\t\t\t\t\t\t<div class=\"elementor-element elementor-element-6715571 elementor-widget elementor-widget-heading\" data-id=\"6715571\" data-element_type=\"widget\" data-e-type=\"widget\" data-widget_type=\"heading.default\">\n\t\t\t\t<div class=\"elementor-widget-container\">\n\t\t\t\t\t<h2 class=\"elementor-heading-title elementor-size-default\">OUR COMPANY<\/h2>\t\t\t\t<\/div>\n\t\t\t\t<\/div>\n\t\t\t\t\t<\/div>\n\t\t<\/div>\n\t\t\t\t\t<\/div>\n\t\t<\/section>\n\t\t\t\t<section class=\"elementor-section elementor-top-section elementor-element elementor-element-22ca17f elementor-section-boxed elementor-section-height-default elementor-section-height-default\" data-id=\"22ca17f\" data-element_type=\"section\" data-e-type=\"section\">\n\t\t\t\t\t\t<div class=\"elementor-container elementor-column-gap-default\">\n\t\t\t\t\t<div class=\"elementor-column elementor-col-100 elementor-top-column elementor-element elementor-element-874d5c3\" data-id=\"874d5c3\" data-element_type=\"column\" data-e-type=\"column\">\n\t\t\t<div class=\"elementor-widget-wrap elementor-element-populated\">\n\t\t\t\t\t\t<div class=\"elementor-element elementor-element-5f7513f elementor-widget elementor-widget-text-editor\" data-id=\"5f7513f\" data-element_type=\"widget\" data-e-type=\"widget\" data-widget_type=\"text-editor.default\">\n\t\t\t\t<div class=\"elementor-widget-container\">\n\t\t\t\t\t\t\t\t\t<p>PENDIENTE POR CORPORATIVO<\/p>\t\t\t\t\t\t\t\t<\/div>\n\t\t\t\t<\/div>\n\t\t\t\t\t<\/div>\n\t\t<\/div>\n\t\t\t\t\t<\/div>\n\t\t<\/section>\n\t\t\t\t<\/div>\n\t\t","protected":false},"excerpt":{"rendered":"<p>OUR COMPANY PENDIENTE POR CORPORATIVO<\/p>\n","protected":false},"author":3,"featured_media":16440,"parent":0,"menu_order":0,"comment_status":"closed","ping_status":"closed","template":"elementor_header_footer","meta":{"_acf_changed":false,"footnotes":""},"class_list":["post-16417","page","type-page","status-publish","has-post-thumbnail","hentry"],"acf":[],"yoast_head":"<!-- This site is optimized with the Yoast SEO plugin v27.3 - https:\/\/yoast.com\/product\/yoast-seo-wordpress\/ -->\n<title>CAFFENIO.com - OUR COMPANY<\/title>\n<meta name=\"description\" content=\"Caffenio es una empresa 100% mexicana en constante innovaci\u00f3n, y m\u00e1s que productores del mejor caf\u00e9 en M\u00e9xico.\" \/>\n<meta name=\"robots\" content=\"index, follow, max-snippet:-1, max-image-preview:large, max-video-preview:-1\" \/>\n<link rel=\"canonical\" href=\"https:\/\/caffenio.com\/us\/ourcompany\/\" \/>\n<meta property=\"og:locale\" content=\"en_US\" \/>\n<meta property=\"og:type\" content=\"article\" \/>\n<meta property=\"og:title\" content=\"CAFFENIO.com - OUR COMPANY\" \/>\n<meta property=\"og:description\" content=\"Caffenio es una empresa 100% mexicana en constante innovaci\u00f3n, y m\u00e1s que productores del mejor caf\u00e9 en M\u00e9xico.\" \/>\n<meta property=\"og:url\" content=\"https:\/\/caffenio.com\/us\/ourcompany\/\" \/>\n<meta property=\"og:site_name\" content=\"CAFFENIO.com\" \/>\n<meta property=\"article:modified_time\" content=\"2025-03-02T14:43:56+00:00\" \/>\n<meta property=\"og:image\" content=\"https:\/\/caffenio.com\/wp-content\/uploads\/2023\/04\/NUESTRA-VISION-DE-NEGOCIOS-min.jpg\" \/>\n\t<meta property=\"og:image:width\" content=\"1920\" \/>\n\t<meta property=\"og:image:height\" content=\"600\" \/>\n\t<meta property=\"og:image:type\" content=\"image\/jpeg\" \/>\n<meta name=\"twitter:card\" content=\"summary_large_image\" \/>\n<meta name=\"twitter:label1\" content=\"Est. reading time\" \/>\n\t<meta name=\"twitter:data1\" content=\"1 minute\" \/>\n<script type=\"application\/ld+json\" class=\"yoast-schema-graph\">{\"@context\":\"https:\\\/\\\/schema.org\",\"@graph\":[{\"@type\":\"WebPage\",\"@id\":\"https:\\\/\\\/caffenio.com\\\/us\\\/ourcompany\\\/\",\"url\":\"https:\\\/\\\/caffenio.com\\\/us\\\/ourcompany\\\/\",\"name\":\"CAFFENIO.com - OUR COMPANY\",\"isPartOf\":{\"@id\":\"https:\\\/\\\/caffenio.com\\\/us\\\/#website\"},\"primaryImageOfPage\":{\"@id\":\"https:\\\/\\\/caffenio.com\\\/us\\\/ourcompany\\\/#primaryimage\"},\"image\":{\"@id\":\"https:\\\/\\\/caffenio.com\\\/us\\\/ourcompany\\\/#primaryimage\"},\"thumbnailUrl\":\"https:\\\/\\\/caffenio.com\\\/wp-content\\\/uploads\\\/2023\\\/04\\\/NUESTRA-VISION-DE-NEGOCIOS-min.jpg\",\"datePublished\":\"2023-04-23T10:12:20+00:00\",\"dateModified\":\"2025-03-02T14:43:56+00:00\",\"description\":\"Caffenio es una empresa 100% mexicana en constante innovaci\u00f3n, y m\u00e1s que productores del mejor caf\u00e9 en M\u00e9xico.\",\"breadcrumb\":{\"@id\":\"https:\\\/\\\/caffenio.com\\\/us\\\/ourcompany\\\/#breadcrumb\"},\"inLanguage\":\"us\",\"potentialAction\":[{\"@type\":\"ReadAction\",\"target\":[\"https:\\\/\\\/caffenio.com\\\/us\\\/ourcompany\\\/\"]}]},{\"@type\":\"ImageObject\",\"inLanguage\":\"us\",\"@id\":\"https:\\\/\\\/caffenio.com\\\/us\\\/ourcompany\\\/#primaryimage\",\"url\":\"https:\\\/\\\/caffenio.com\\\/wp-content\\\/uploads\\\/2023\\\/04\\\/NUESTRA-VISION-DE-NEGOCIOS-min.jpg\",\"contentUrl\":\"https:\\\/\\\/caffenio.com\\\/wp-content\\\/uploads\\\/2023\\\/04\\\/NUESTRA-VISION-DE-NEGOCIOS-min.jpg\",\"width\":1920,\"height\":600},{\"@type\":\"BreadcrumbList\",\"@id\":\"https:\\\/\\\/caffenio.com\\\/us\\\/ourcompany\\\/#breadcrumb\",\"itemListElement\":[{\"@type\":\"ListItem\",\"position\":1,\"name\":\"Home\",\"item\":\"https:\\\/\\\/caffenio.com\\\/us\\\/\"},{\"@type\":\"ListItem\",\"position\":2,\"name\":\"OUR COMPANY\"}]},{\"@type\":\"WebSite\",\"@id\":\"https:\\\/\\\/caffenio.com\\\/us\\\/#website\",\"url\":\"https:\\\/\\\/caffenio.com\\\/us\\\/\",\"name\":\"CAFFENIO.com\",\"description\":\"EL mejor caf\u00e9 a tu alcance\",\"publisher\":{\"@id\":\"https:\\\/\\\/caffenio.com\\\/us\\\/#organization\"},\"potentialAction\":[{\"@type\":\"SearchAction\",\"target\":{\"@type\":\"EntryPoint\",\"urlTemplate\":\"https:\\\/\\\/caffenio.com\\\/us\\\/?s={search_term_string}\"},\"query-input\":{\"@type\":\"PropertyValueSpecification\",\"valueRequired\":true,\"valueName\":\"search_term_string\"}}],\"inLanguage\":\"us\"},{\"@type\":\"Organization\",\"@id\":\"https:\\\/\\\/caffenio.com\\\/us\\\/#organization\",\"name\":\"CAFFENIO.com\",\"url\":\"https:\\\/\\\/caffenio.com\\\/us\\\/\",\"logo\":{\"@type\":\"ImageObject\",\"inLanguage\":\"us\",\"@id\":\"https:\\\/\\\/caffenio.com\\\/us\\\/#\\\/schema\\\/logo\\\/image\\\/\",\"url\":\"https:\\\/\\\/caffenio.com\\\/wp-content\\\/uploads\\\/2023\\\/10\\\/caffenio-logo-1.png\",\"contentUrl\":\"https:\\\/\\\/caffenio.com\\\/wp-content\\\/uploads\\\/2023\\\/10\\\/caffenio-logo-1.png\",\"width\":820,\"height\":142,\"caption\":\"CAFFENIO.com\"},\"image\":{\"@id\":\"https:\\\/\\\/caffenio.com\\\/us\\\/#\\\/schema\\\/logo\\\/image\\\/\"}}]}<\/script>\n<!-- \/ Yoast SEO plugin. -->","yoast_head_json":{"title":"CAFFENIO.com - OUR COMPANY","description":"Caffenio es una empresa 100% mexicana en constante innovaci\u00f3n, y m\u00e1s que productores del mejor caf\u00e9 en M\u00e9xico.","robots":{"index":"index","follow":"follow","max-snippet":"max-snippet:-1","max-image-preview":"max-image-preview:large","max-video-preview":"max-video-preview:-1"},"canonical":"https:\/\/caffenio.com\/us\/ourcompany\/","og_locale":"en_US","og_type":"article","og_title":"CAFFENIO.com - OUR COMPANY","og_description":"Caffenio es una empresa 100% mexicana en constante innovaci\u00f3n, y m\u00e1s que productores del mejor caf\u00e9 en M\u00e9xico.","og_url":"https:\/\/caffenio.com\/us\/ourcompany\/","og_site_name":"CAFFENIO.com","article_modified_time":"2025-03-02T14:43:56+00:00","og_image":[{"width":1920,"height":600,"url":"https:\/\/caffenio.com\/wp-content\/uploads\/2023\/04\/NUESTRA-VISION-DE-NEGOCIOS-min.jpg","type":"image\/jpeg"}],"twitter_card":"summary_large_image","twitter_misc":{"Est. reading time":"1 minute"},"schema":{"@context":"https:\/\/schema.org","@graph":[{"@type":"WebPage","@id":"https:\/\/caffenio.com\/us\/ourcompany\/","url":"https:\/\/caffenio.com\/us\/ourcompany\/","name":"CAFFENIO.com - OUR COMPANY","isPartOf":{"@id":"https:\/\/caffenio.com\/us\/#website"},"primaryImageOfPage":{"@id":"https:\/\/caffenio.com\/us\/ourcompany\/#primaryimage"},"image":{"@id":"https:\/\/caffenio.com\/us\/ourcompany\/#primaryimage"},"thumbnailUrl":"https:\/\/caffenio.com\/wp-content\/uploads\/2023\/04\/NUESTRA-VISION-DE-NEGOCIOS-min.jpg","datePublished":"2023-04-23T10:12:20+00:00","dateModified":"2025-03-02T14:43:56+00:00","description":"Caffenio es una empresa 100% mexicana en constante innovaci\u00f3n, y m\u00e1s que productores del mejor caf\u00e9 en M\u00e9xico.","breadcrumb":{"@id":"https:\/\/caffenio.com\/us\/ourcompany\/#breadcrumb"},"inLanguage":"us","potentialAction":[{"@type":"ReadAction","target":["https:\/\/caffenio.com\/us\/ourcompany\/"]}]},{"@type":"ImageObject","inLanguage":"us","@id":"https:\/\/caffenio.com\/us\/ourcompany\/#primaryimage","url":"https:\/\/caffenio.com\/wp-content\/uploads\/2023\/04\/NUESTRA-VISION-DE-NEGOCIOS-min.jpg","contentUrl":"https:\/\/caffenio.com\/wp-content\/uploads\/2023\/04\/NUESTRA-VISION-DE-NEGOCIOS-min.jpg","width":1920,"height":600},{"@type":"BreadcrumbList","@id":"https:\/\/caffenio.com\/us\/ourcompany\/#breadcrumb","itemListElement":[{"@type":"ListItem","position":1,"name":"Home","item":"https:\/\/caffenio.com\/us\/"},{"@type":"ListItem","position":2,"name":"OUR COMPANY"}]},{"@type":"WebSite","@id":"https:\/\/caffenio.com\/us\/#website","url":"https:\/\/caffenio.com\/us\/","name":"CAFFENIO.com","description":"EL mejor caf\u00e9 a tu alcance","publisher":{"@id":"https:\/\/caffenio.com\/us\/#organization"},"potentialAction":[{"@type":"SearchAction","target":{"@type":"EntryPoint","urlTemplate":"https:\/\/caffenio.com\/us\/?s={search_term_string}"},"query-input":{"@type":"PropertyValueSpecification","valueRequired":true,"valueName":"search_term_string"}}],"inLanguage":"us"},{"@type":"Organization","@id":"https:\/\/caffenio.com\/us\/#organization","name":"CAFFENIO.com","url":"https:\/\/caffenio.com\/us\/","logo":{"@type":"ImageObject","inLanguage":"us","@id":"https:\/\/caffenio.com\/us\/#\/schema\/logo\/image\/","url":"https:\/\/caffenio.com\/wp-content\/uploads\/2023\/10\/caffenio-logo-1.png","contentUrl":"https:\/\/caffenio.com\/wp-content\/uploads\/2023\/10\/caffenio-logo-1.png","width":820,"height":142,"caption":"CAFFENIO.com"},"image":{"@id":"https:\/\/caffenio.com\/us\/#\/schema\/logo\/image\/"}}]}},"_links":{"self":[{"href":"https:\/\/caffenio.com\/us\/wp-json\/wp\/v2\/pages\/16417","targetHints":{"allow":["GET"]}}],"collection":[{"href":"https:\/\/caffenio.com\/us\/wp-json\/wp\/v2\/pages"}],"about":[{"href":"https:\/\/caffenio.com\/us\/wp-json\/wp\/v2\/types\/page"}],"author":[{"embeddable":true,"href":"https:\/\/caffenio.com\/us\/wp-json\/wp\/v2\/users\/3"}],"replies":[{"embeddable":true,"href":"https:\/\/caffenio.com\/us\/wp-json\/wp\/v2\/comments?post=16417"}],"version-history":[{"count":6,"href":"https:\/\/caffenio.com\/us\/wp-json\/wp\/v2\/pages\/16417\/revisions"}],"predecessor-version":[{"id":16550,"href":"https:\/\/caffenio.com\/us\/wp-json\/wp\/v2\/pages\/16417\/revisions\/16550"}],"wp:featuredmedia":[{"embeddable":true,"href":"https:\/\/caffenio.com\/us\/wp-json\/wp\/v2\/media\/16440"}],"wp:attachment":[{"href":"https:\/\/caffenio.com\/us\/wp-json\/wp\/v2\/media?parent=16417"}],"curies":[{"name":"wp","href":"https:\/\/api.w.org\/{rel}","templated":true}]}}