{"id":16217,"date":"2022-11-05T16:58:41","date_gmt":"2022-11-05T23:58:41","guid":{"rendered":"https:\/\/caffenio.com\/cafeterias-map\/"},"modified":"2025-03-01T14:54:13","modified_gmt":"2025-03-01T21:54:13","slug":"locations","status":"publish","type":"page","link":"https:\/\/caffenio.com\/us\/locations\/","title":{"rendered":"Cafeterias Map"},"content":{"rendered":"\t\t<div data-elementor-type=\"wp-page\" data-elementor-id=\"16217\" class=\"elementor elementor-16217 elementor-239\" data-elementor-post-type=\"page\">\n\t\t\t\t\t\t<section class=\"elementor-section elementor-top-section elementor-element elementor-element-240082d4 elementor-hidden-desktop elementor-hidden-tablet elementor-section-full_width elementor-section-height-default elementor-section-height-default\" data-id=\"240082d4\" data-element_type=\"section\" data-e-type=\"section\">\n\t\t\t\t\t\t<div class=\"elementor-container elementor-column-gap-default\">\n\t\t\t\t\t<div class=\"elementor-column elementor-col-100 elementor-top-column elementor-element elementor-element-7017c8f3\" data-id=\"7017c8f3\" data-element_type=\"column\" data-e-type=\"column\">\n\t\t\t<div class=\"elementor-widget-wrap elementor-element-populated\">\n\t\t\t\t\t\t<div class=\"elementor-element elementor-element-6f77cda elementor-widget elementor-widget-heading\" data-id=\"6f77cda\" data-element_type=\"widget\" data-e-type=\"widget\" data-widget_type=\"heading.default\">\n\t\t\t\t<div class=\"elementor-widget-container\">\n\t\t\t\t\t<h2 class=\"elementor-heading-title elementor-size-default\">Locations<\/h2>\t\t\t\t<\/div>\n\t\t\t\t<\/div>\n\t\t\t\t\t<\/div>\n\t\t<\/div>\n\t\t\t\t\t<\/div>\n\t\t<\/section>\n\t\t\t\t<section class=\"elementor-section elementor-top-section elementor-element elementor-element-593a317 elementor-section-full_width elementor-section-height-default elementor-section-height-default\" data-id=\"593a317\" data-element_type=\"section\" data-e-type=\"section\" data-settings=\"{&quot;background_background&quot;:&quot;classic&quot;}\">\n\t\t\t\t\t\t<div class=\"elementor-container elementor-column-gap-default\">\n\t\t\t\t\t<div class=\"elementor-column elementor-col-100 elementor-top-column elementor-element elementor-element-33857fd6\" data-id=\"33857fd6\" data-element_type=\"column\" data-e-type=\"column\">\n\t\t\t<div class=\"elementor-widget-wrap elementor-element-populated\">\n\t\t\t\t\t\t<div class=\"elementor-element elementor-element-6a4823d3 elementor-widget elementor-widget-heading\" data-id=\"6a4823d3\" data-element_type=\"widget\" data-e-type=\"widget\" data-widget_type=\"heading.default\">\n\t\t\t\t<div class=\"elementor-widget-container\">\n\t\t\t\t\t<h2 class=\"elementor-heading-title elementor-size-default\">Locations<\/h2>\t\t\t\t<\/div>\n\t\t\t\t<\/div>\n\t\t\t\t\t<\/div>\n\t\t<\/div>\n\t\t\t\t\t<\/div>\n\t\t<\/section>\n\t\t\t\t<section class=\"elementor-section elementor-top-section elementor-element elementor-element-293c9a42 elementor-section-full_width elementor-section-height-default elementor-section-height-default\" data-id=\"293c9a42\" data-element_type=\"section\" data-e-type=\"section\">\n\t\t\t\t\t\t<div class=\"elementor-container elementor-column-gap-default\">\n\t\t\t\t\t<div class=\"elementor-column elementor-col-100 elementor-top-column elementor-element elementor-element-7f0fe492\" data-id=\"7f0fe492\" data-element_type=\"column\" data-e-type=\"column\">\n\t\t\t<div class=\"elementor-widget-wrap elementor-element-populated\">\n\t\t\t\t\t\t<div class=\"elementor-element elementor-element-35a9e33e elementor-widget elementor-widget-shortcode\" data-id=\"35a9e33e\" data-element_type=\"widget\" data-e-type=\"widget\" data-widget_type=\"shortcode.default\">\n\t\t\t\t<div class=\"elementor-widget-container\">\n\t\t\t\t\t\t\t<div class=\"elementor-shortcode\"><div id='location-root'><\/div><\/div>\n\t\t\t\t\t\t<\/div>\n\t\t\t\t<\/div>\n\t\t\t\t\t<\/div>\n\t\t<\/div>\n\t\t\t\t\t<\/div>\n\t\t<\/section>\n\t\t\t\t<\/div>\n\t\t","protected":false},"excerpt":{"rendered":"<p>Locations Locations<\/p>\n","protected":false},"author":2,"featured_media":20713,"parent":0,"menu_order":0,"comment_status":"closed","ping_status":"closed","template":"elementor_header_footer","meta":{"_acf_changed":false,"footnotes":""},"class_list":["post-16217","page","type-page","status-publish","has-post-thumbnail","hentry"],"acf":[],"yoast_head":"<!-- This site is optimized with the Yoast SEO plugin v27.3 - https:\/\/yoast.com\/product\/yoast-seo-wordpress\/ -->\n<title>CAFFENIO.com - Cafeterias Map<\/title>\n<meta name=\"description\" content=\"Caffenio es una empresa 100% mexicana en constante innovaci\u00f3n, y m\u00e1s que productores del mejor caf\u00e9 en M\u00e9xico.\" \/>\n<meta name=\"robots\" content=\"index, follow, max-snippet:-1, max-image-preview:large, max-video-preview:-1\" \/>\n<link rel=\"canonical\" href=\"https:\/\/caffenio.com\/us\/locations\/\" \/>\n<meta property=\"og:locale\" content=\"en_US\" \/>\n<meta property=\"og:type\" content=\"article\" \/>\n<meta property=\"og:title\" content=\"CAFFENIO.com - Cafeterias Map\" \/>\n<meta property=\"og:description\" content=\"Caffenio es una empresa 100% mexicana en constante innovaci\u00f3n, y m\u00e1s que productores del mejor caf\u00e9 en M\u00e9xico.\" \/>\n<meta property=\"og:url\" content=\"https:\/\/caffenio.com\/us\/locations\/\" \/>\n<meta property=\"og:site_name\" content=\"CAFFENIO.com\" \/>\n<meta property=\"article:modified_time\" content=\"2025-03-01T21:54:13+00:00\" \/>\n<meta property=\"og:image\" content=\"https:\/\/caffenio.com\/wp-content\/uploads\/2023\/04\/nuestra-calidad-y-experiencia-en-tu-negocio.jpg\" \/>\n\t<meta property=\"og:image:width\" content=\"1921\" \/>\n\t<meta property=\"og:image:height\" content=\"900\" \/>\n\t<meta property=\"og:image:type\" content=\"image\/jpeg\" \/>\n<meta name=\"twitter:card\" content=\"summary_large_image\" \/>\n<meta name=\"twitter:label1\" content=\"Est. reading time\" \/>\n\t<meta name=\"twitter:data1\" content=\"1 minute\" \/>\n<script type=\"application\/ld+json\" class=\"yoast-schema-graph\">{\"@context\":\"https:\\\/\\\/schema.org\",\"@graph\":[{\"@type\":\"WebPage\",\"@id\":\"https:\\\/\\\/caffenio.com\\\/us\\\/locations\\\/\",\"url\":\"https:\\\/\\\/caffenio.com\\\/us\\\/locations\\\/\",\"name\":\"CAFFENIO.com - Cafeterias Map\",\"isPartOf\":{\"@id\":\"https:\\\/\\\/caffenio.com\\\/us\\\/#website\"},\"primaryImageOfPage\":{\"@id\":\"https:\\\/\\\/caffenio.com\\\/us\\\/locations\\\/#primaryimage\"},\"image\":{\"@id\":\"https:\\\/\\\/caffenio.com\\\/us\\\/locations\\\/#primaryimage\"},\"thumbnailUrl\":\"https:\\\/\\\/caffenio.com\\\/wp-content\\\/uploads\\\/2026\\\/03\\\/caffenio-tienda-2.webp\",\"datePublished\":\"2022-11-05T23:58:41+00:00\",\"dateModified\":\"2025-03-01T21:54:13+00:00\",\"description\":\"Caffenio es una empresa 100% mexicana en constante innovaci\u00f3n, y m\u00e1s que productores del mejor caf\u00e9 en M\u00e9xico.\",\"breadcrumb\":{\"@id\":\"https:\\\/\\\/caffenio.com\\\/us\\\/locations\\\/#breadcrumb\"},\"inLanguage\":\"us\",\"potentialAction\":[{\"@type\":\"ReadAction\",\"target\":[\"https:\\\/\\\/caffenio.com\\\/us\\\/locations\\\/\"]}]},{\"@type\":\"ImageObject\",\"inLanguage\":\"us\",\"@id\":\"https:\\\/\\\/caffenio.com\\\/us\\\/locations\\\/#primaryimage\",\"url\":\"https:\\\/\\\/caffenio.com\\\/wp-content\\\/uploads\\\/2026\\\/03\\\/caffenio-tienda-2.webp\",\"contentUrl\":\"https:\\\/\\\/caffenio.com\\\/wp-content\\\/uploads\\\/2026\\\/03\\\/caffenio-tienda-2.webp\",\"width\":1920,\"height\":688,\"caption\":\"caffenio-tienda-2\"},{\"@type\":\"BreadcrumbList\",\"@id\":\"https:\\\/\\\/caffenio.com\\\/us\\\/locations\\\/#breadcrumb\",\"itemListElement\":[{\"@type\":\"ListItem\",\"position\":1,\"name\":\"Home\",\"item\":\"https:\\\/\\\/caffenio.com\\\/us\\\/\"},{\"@type\":\"ListItem\",\"position\":2,\"name\":\"Cafeterias Map\"}]},{\"@type\":\"WebSite\",\"@id\":\"https:\\\/\\\/caffenio.com\\\/us\\\/#website\",\"url\":\"https:\\\/\\\/caffenio.com\\\/us\\\/\",\"name\":\"CAFFENIO.com\",\"description\":\"EL mejor caf\u00e9 a tu alcance\",\"publisher\":{\"@id\":\"https:\\\/\\\/caffenio.com\\\/us\\\/#organization\"},\"potentialAction\":[{\"@type\":\"SearchAction\",\"target\":{\"@type\":\"EntryPoint\",\"urlTemplate\":\"https:\\\/\\\/caffenio.com\\\/us\\\/?s={search_term_string}\"},\"query-input\":{\"@type\":\"PropertyValueSpecification\",\"valueRequired\":true,\"valueName\":\"search_term_string\"}}],\"inLanguage\":\"us\"},{\"@type\":\"Organization\",\"@id\":\"https:\\\/\\\/caffenio.com\\\/us\\\/#organization\",\"name\":\"CAFFENIO.com\",\"url\":\"https:\\\/\\\/caffenio.com\\\/us\\\/\",\"logo\":{\"@type\":\"ImageObject\",\"inLanguage\":\"us\",\"@id\":\"https:\\\/\\\/caffenio.com\\\/us\\\/#\\\/schema\\\/logo\\\/image\\\/\",\"url\":\"https:\\\/\\\/caffenio.com\\\/wp-content\\\/uploads\\\/2023\\\/10\\\/caffenio-logo-1.png\",\"contentUrl\":\"https:\\\/\\\/caffenio.com\\\/wp-content\\\/uploads\\\/2023\\\/10\\\/caffenio-logo-1.png\",\"width\":820,\"height\":142,\"caption\":\"CAFFENIO.com\"},\"image\":{\"@id\":\"https:\\\/\\\/caffenio.com\\\/us\\\/#\\\/schema\\\/logo\\\/image\\\/\"}}]}<\/script>\n<!-- \/ Yoast SEO plugin. -->","yoast_head_json":{"title":"CAFFENIO.com - Cafeterias Map","description":"Caffenio es una empresa 100% mexicana en constante innovaci\u00f3n, y m\u00e1s que productores del mejor caf\u00e9 en M\u00e9xico.","robots":{"index":"index","follow":"follow","max-snippet":"max-snippet:-1","max-image-preview":"max-image-preview:large","max-video-preview":"max-video-preview:-1"},"canonical":"https:\/\/caffenio.com\/us\/locations\/","og_locale":"en_US","og_type":"article","og_title":"CAFFENIO.com - Cafeterias Map","og_description":"Caffenio es una empresa 100% mexicana en constante innovaci\u00f3n, y m\u00e1s que productores del mejor caf\u00e9 en M\u00e9xico.","og_url":"https:\/\/caffenio.com\/us\/locations\/","og_site_name":"CAFFENIO.com","article_modified_time":"2025-03-01T21:54:13+00:00","og_image":[{"width":1921,"height":900,"url":"https:\/\/caffenio.com\/wp-content\/uploads\/2023\/04\/nuestra-calidad-y-experiencia-en-tu-negocio.jpg","type":"image\/jpeg"}],"twitter_card":"summary_large_image","twitter_misc":{"Est. reading time":"1 minute"},"schema":{"@context":"https:\/\/schema.org","@graph":[{"@type":"WebPage","@id":"https:\/\/caffenio.com\/us\/locations\/","url":"https:\/\/caffenio.com\/us\/locations\/","name":"CAFFENIO.com - Cafeterias Map","isPartOf":{"@id":"https:\/\/caffenio.com\/us\/#website"},"primaryImageOfPage":{"@id":"https:\/\/caffenio.com\/us\/locations\/#primaryimage"},"image":{"@id":"https:\/\/caffenio.com\/us\/locations\/#primaryimage"},"thumbnailUrl":"https:\/\/caffenio.com\/wp-content\/uploads\/2026\/03\/caffenio-tienda-2.webp","datePublished":"2022-11-05T23:58:41+00:00","dateModified":"2025-03-01T21:54:13+00:00","description":"Caffenio es una empresa 100% mexicana en constante innovaci\u00f3n, y m\u00e1s que productores del mejor caf\u00e9 en M\u00e9xico.","breadcrumb":{"@id":"https:\/\/caffenio.com\/us\/locations\/#breadcrumb"},"inLanguage":"us","potentialAction":[{"@type":"ReadAction","target":["https:\/\/caffenio.com\/us\/locations\/"]}]},{"@type":"ImageObject","inLanguage":"us","@id":"https:\/\/caffenio.com\/us\/locations\/#primaryimage","url":"https:\/\/caffenio.com\/wp-content\/uploads\/2026\/03\/caffenio-tienda-2.webp","contentUrl":"https:\/\/caffenio.com\/wp-content\/uploads\/2026\/03\/caffenio-tienda-2.webp","width":1920,"height":688,"caption":"caffenio-tienda-2"},{"@type":"BreadcrumbList","@id":"https:\/\/caffenio.com\/us\/locations\/#breadcrumb","itemListElement":[{"@type":"ListItem","position":1,"name":"Home","item":"https:\/\/caffenio.com\/us\/"},{"@type":"ListItem","position":2,"name":"Cafeterias Map"}]},{"@type":"WebSite","@id":"https:\/\/caffenio.com\/us\/#website","url":"https:\/\/caffenio.com\/us\/","name":"CAFFENIO.com","description":"EL mejor caf\u00e9 a tu alcance","publisher":{"@id":"https:\/\/caffenio.com\/us\/#organization"},"potentialAction":[{"@type":"SearchAction","target":{"@type":"EntryPoint","urlTemplate":"https:\/\/caffenio.com\/us\/?s={search_term_string}"},"query-input":{"@type":"PropertyValueSpecification","valueRequired":true,"valueName":"search_term_string"}}],"inLanguage":"us"},{"@type":"Organization","@id":"https:\/\/caffenio.com\/us\/#organization","name":"CAFFENIO.com","url":"https:\/\/caffenio.com\/us\/","logo":{"@type":"ImageObject","inLanguage":"us","@id":"https:\/\/caffenio.com\/us\/#\/schema\/logo\/image\/","url":"https:\/\/caffenio.com\/wp-content\/uploads\/2023\/10\/caffenio-logo-1.png","contentUrl":"https:\/\/caffenio.com\/wp-content\/uploads\/2023\/10\/caffenio-logo-1.png","width":820,"height":142,"caption":"CAFFENIO.com"},"image":{"@id":"https:\/\/caffenio.com\/us\/#\/schema\/logo\/image\/"}}]}},"_links":{"self":[{"href":"https:\/\/caffenio.com\/us\/wp-json\/wp\/v2\/pages\/16217","targetHints":{"allow":["GET"]}}],"collection":[{"href":"https:\/\/caffenio.com\/us\/wp-json\/wp\/v2\/pages"}],"about":[{"href":"https:\/\/caffenio.com\/us\/wp-json\/wp\/v2\/types\/page"}],"author":[{"embeddable":true,"href":"https:\/\/caffenio.com\/us\/wp-json\/wp\/v2\/users\/2"}],"replies":[{"embeddable":true,"href":"https:\/\/caffenio.com\/us\/wp-json\/wp\/v2\/comments?post=16217"}],"version-history":[{"count":2,"href":"https:\/\/caffenio.com\/us\/wp-json\/wp\/v2\/pages\/16217\/revisions"}],"predecessor-version":[{"id":16221,"href":"https:\/\/caffenio.com\/us\/wp-json\/wp\/v2\/pages\/16217\/revisions\/16221"}],"wp:featuredmedia":[{"embeddable":true,"href":"https:\/\/caffenio.com\/us\/wp-json\/wp\/v2\/media\/20713"}],"wp:attachment":[{"href":"https:\/\/caffenio.com\/us\/wp-json\/wp\/v2\/media?parent=16217"}],"curies":[{"name":"wp","href":"https:\/\/api.w.org\/{rel}","templated":true}]}}