{"id":15997,"date":"2022-11-05T17:04:15","date_gmt":"2022-11-06T00:04:15","guid":{"rendered":"https:\/\/caffenio.com\/cafeterias-menu\/"},"modified":"2025-03-03T16:24:45","modified_gmt":"2025-03-03T23:24:45","slug":"products","status":"publish","type":"page","link":"https:\/\/caffenio.com\/us\/products\/","title":{"rendered":"products"},"content":{"rendered":"\t\t<div data-elementor-type=\"wp-page\" data-elementor-id=\"15997\" class=\"elementor elementor-15997 elementor-250\" data-elementor-post-type=\"page\">\n\t\t\t\t\t\t<section class=\"elementor-section elementor-top-section elementor-element elementor-element-133a52d1 elementor-section-full_width elementor-section-height-default elementor-section-height-default\" data-id=\"133a52d1\" data-element_type=\"section\" data-e-type=\"section\" data-settings=\"{&quot;background_background&quot;:&quot;classic&quot;}\">\n\t\t\t\t\t\t<div class=\"elementor-container elementor-column-gap-default\">\n\t\t\t\t\t<div class=\"elementor-column elementor-col-100 elementor-top-column elementor-element elementor-element-46d061d7\" data-id=\"46d061d7\" data-element_type=\"column\" data-e-type=\"column\">\n\t\t\t<div class=\"elementor-widget-wrap elementor-element-populated\">\n\t\t\t\t\t\t<section class=\"elementor-section elementor-inner-section elementor-element elementor-element-72bba8d elementor-section-full_width elementor-section-height-default elementor-section-height-default\" data-id=\"72bba8d\" data-element_type=\"section\" data-e-type=\"section\" data-settings=\"{&quot;background_background&quot;:&quot;classic&quot;}\">\n\t\t\t\t\t\t<div class=\"elementor-container elementor-column-gap-default\">\n\t\t\t\t\t<div class=\"elementor-column elementor-col-100 elementor-inner-column elementor-element elementor-element-4496d069\" data-id=\"4496d069\" data-element_type=\"column\" data-e-type=\"column\">\n\t\t\t<div class=\"elementor-widget-wrap elementor-element-populated\">\n\t\t\t\t\t\t<div class=\"elementor-element elementor-element-1e8c9aa2 elementor-widget elementor-widget-heading\" data-id=\"1e8c9aa2\" data-element_type=\"widget\" data-e-type=\"widget\" data-widget_type=\"heading.default\">\n\t\t\t\t<div class=\"elementor-widget-container\">\n\t\t\t\t\t<h2 class=\"elementor-heading-title elementor-size-default\">WHAT ARE YOU CRAVING TODAY?<\/h2>\t\t\t\t<\/div>\n\t\t\t\t<\/div>\n\t\t\t\t\t<\/div>\n\t\t<\/div>\n\t\t\t\t\t<\/div>\n\t\t<\/section>\n\t\t\t\t<div class=\"elementor-element elementor-element-62d4481c elementor-widget elementor-widget-shortcode\" data-id=\"62d4481c\" data-element_type=\"widget\" data-e-type=\"widget\" data-widget_type=\"shortcode.default\">\n\t\t\t\t<div class=\"elementor-widget-container\">\n\t\t\t\t\t\t\t<div class=\"elementor-shortcode\"><div id='productos-root'><\/div><\/div>\n\t\t\t\t\t\t<\/div>\n\t\t\t\t<\/div>\n\t\t\t\t<section class=\"elementor-section elementor-inner-section elementor-element elementor-element-3ead05d elementor-section-full_width elementor-section-height-default elementor-section-height-default\" data-id=\"3ead05d\" data-element_type=\"section\" data-e-type=\"section\">\n\t\t\t\t\t\t<div class=\"elementor-container elementor-column-gap-default\">\n\t\t\t\t\t<div class=\"elementor-column elementor-col-100 elementor-inner-column elementor-element elementor-element-6e5c4f99\" data-id=\"6e5c4f99\" data-element_type=\"column\" data-e-type=\"column\">\n\t\t\t<div class=\"elementor-widget-wrap elementor-element-populated\">\n\t\t\t\t\t\t<div class=\"elementor-element elementor-element-66437a39 elementor-widget__width-auto elementor-hidden-desktop elementor-hidden-tablet elementor-hidden-phone elementor-widget elementor-widget-heading\" data-id=\"66437a39\" data-element_type=\"widget\" data-e-type=\"widget\" data-widget_type=\"heading.default\">\n\t\t\t\t<div class=\"elementor-widget-container\">\n\t\t\t\t\t<h2 class=\"elementor-heading-title elementor-size-default\">Now you can order through MI CAFFENIO<\/h2>\t\t\t\t<\/div>\n\t\t\t\t<\/div>\n\t\t\t\t<div class=\"elementor-element elementor-element-184e9ae5 elementor-align-left elementor-mobile-align-left elementor-widget__width-initial elementor-widget-mobile__width-initial elementor-hidden-desktop elementor-hidden-tablet elementor-hidden-phone elementor-widget elementor-widget-button\" data-id=\"184e9ae5\" data-element_type=\"widget\" data-e-type=\"widget\" data-widget_type=\"button.default\">\n\t\t\t\t<div class=\"elementor-widget-container\">\n\t\t\t\t\t\t\t\t\t<div class=\"elementor-button-wrapper\">\n\t\t\t\t\t<a class=\"elementor-button elementor-button-link elementor-size-sm\" href=\"http:\/\/caffenio.local\/micaffenioregistro\/\">\n\t\t\t\t\t\t<span class=\"elementor-button-content-wrapper\">\n\t\t\t\t\t\t\t\t\t<span class=\"elementor-button-text\">Order now!<\/span>\n\t\t\t\t\t<\/span>\n\t\t\t\t\t<\/a>\n\t\t\t\t<\/div>\n\t\t\t\t\t\t\t\t<\/div>\n\t\t\t\t<\/div>\n\t\t\t\t\t<\/div>\n\t\t<\/div>\n\t\t\t\t\t<\/div>\n\t\t<\/section>\n\t\t\t\t\t<\/div>\n\t\t<\/div>\n\t\t\t\t\t<\/div>\n\t\t<\/section>\n\t\t\t\t<\/div>\n\t\t","protected":false},"excerpt":{"rendered":"<p>WHAT ARE YOU CRAVING TODAY? Now you can order through MI CAFFENIO Order now!<\/p>\n","protected":false},"author":2,"featured_media":15998,"parent":0,"menu_order":0,"comment_status":"closed","ping_status":"closed","template":"elementor_header_footer","meta":{"_acf_changed":false,"footnotes":""},"class_list":["post-15997","page","type-page","status-publish","has-post-thumbnail","hentry"],"acf":[],"yoast_head":"<!-- This site is optimized with the Yoast SEO plugin v26.9 - https:\/\/yoast.com\/product\/yoast-seo-wordpress\/ -->\n<title>CAFFENIO.com - products<\/title>\n<meta name=\"description\" content=\"Caffenio es una empresa 100% mexicana en constante innovaci\u00f3n, y m\u00e1s que productores del mejor caf\u00e9 en M\u00e9xico.\" \/>\n<meta name=\"robots\" content=\"index, follow, max-snippet:-1, max-image-preview:large, max-video-preview:-1\" \/>\n<link rel=\"canonical\" href=\"https:\/\/caffenio.com\/us\/products\/\" \/>\n<meta property=\"og:locale\" content=\"en_US\" \/>\n<meta property=\"og:type\" content=\"article\" \/>\n<meta property=\"og:title\" content=\"CAFFENIO.com - products\" \/>\n<meta property=\"og:description\" content=\"Caffenio es una empresa 100% mexicana en constante innovaci\u00f3n, y m\u00e1s que productores del mejor caf\u00e9 en M\u00e9xico.\" \/>\n<meta property=\"og:url\" content=\"https:\/\/caffenio.com\/us\/products\/\" \/>\n<meta property=\"og:site_name\" content=\"CAFFENIO.com\" \/>\n<meta property=\"article:modified_time\" content=\"2025-03-03T23:24:45+00:00\" \/>\n<meta property=\"og:image\" content=\"https:\/\/caffenio.com\/wp-content\/uploads\/2023\/04\/Banner-menu-principal-min.png\" \/>\n\t<meta property=\"og:image:width\" content=\"1920\" \/>\n\t<meta property=\"og:image:height\" content=\"600\" \/>\n\t<meta property=\"og:image:type\" content=\"image\/png\" \/>\n<meta name=\"twitter:card\" content=\"summary_large_image\" \/>\n<script type=\"application\/ld+json\" class=\"yoast-schema-graph\">{\"@context\":\"https:\/\/schema.org\",\"@graph\":[{\"@type\":\"WebPage\",\"@id\":\"https:\/\/caffenio.com\/us\/products\/\",\"url\":\"https:\/\/caffenio.com\/us\/products\/\",\"name\":\"CAFFENIO.com - products\",\"isPartOf\":{\"@id\":\"https:\/\/caffenio.com\/us\/#website\"},\"primaryImageOfPage\":{\"@id\":\"https:\/\/caffenio.com\/us\/products\/#primaryimage\"},\"image\":{\"@id\":\"https:\/\/caffenio.com\/us\/products\/#primaryimage\"},\"thumbnailUrl\":\"https:\/\/caffenio.com\/wp-content\/uploads\/2023\/04\/Banner-menu-principal-min.png\",\"datePublished\":\"2022-11-06T00:04:15+00:00\",\"dateModified\":\"2025-03-03T23:24:45+00:00\",\"description\":\"Caffenio es una empresa 100% mexicana en constante innovaci\u00f3n, y m\u00e1s que productores del mejor caf\u00e9 en M\u00e9xico.\",\"breadcrumb\":{\"@id\":\"https:\/\/caffenio.com\/us\/products\/#breadcrumb\"},\"inLanguage\":\"us\",\"potentialAction\":[{\"@type\":\"ReadAction\",\"target\":[\"https:\/\/caffenio.com\/us\/products\/\"]}]},{\"@type\":\"ImageObject\",\"inLanguage\":\"us\",\"@id\":\"https:\/\/caffenio.com\/us\/products\/#primaryimage\",\"url\":\"https:\/\/caffenio.com\/wp-content\/uploads\/2023\/04\/Banner-menu-principal-min.png\",\"contentUrl\":\"https:\/\/caffenio.com\/wp-content\/uploads\/2023\/04\/Banner-menu-principal-min.png\",\"width\":1920,\"height\":600},{\"@type\":\"BreadcrumbList\",\"@id\":\"https:\/\/caffenio.com\/us\/products\/#breadcrumb\",\"itemListElement\":[{\"@type\":\"ListItem\",\"position\":1,\"name\":\"Home\",\"item\":\"https:\/\/caffenio.com\/us\/\"},{\"@type\":\"ListItem\",\"position\":2,\"name\":\"products\"}]},{\"@type\":\"WebSite\",\"@id\":\"https:\/\/caffenio.com\/us\/#website\",\"url\":\"https:\/\/caffenio.com\/us\/\",\"name\":\"CAFFENIO.com\",\"description\":\"EL mejor caf\u00e9 a tu alcance\",\"publisher\":{\"@id\":\"https:\/\/caffenio.com\/us\/#organization\"},\"potentialAction\":[{\"@type\":\"SearchAction\",\"target\":{\"@type\":\"EntryPoint\",\"urlTemplate\":\"https:\/\/caffenio.com\/us\/?s={search_term_string}\"},\"query-input\":{\"@type\":\"PropertyValueSpecification\",\"valueRequired\":true,\"valueName\":\"search_term_string\"}}],\"inLanguage\":\"us\"},{\"@type\":\"Organization\",\"@id\":\"https:\/\/caffenio.com\/us\/#organization\",\"name\":\"CAFFENIO.com\",\"url\":\"https:\/\/caffenio.com\/us\/\",\"logo\":{\"@type\":\"ImageObject\",\"inLanguage\":\"us\",\"@id\":\"https:\/\/caffenio.com\/us\/#\/schema\/logo\/image\/\",\"url\":\"https:\/\/caffenio.com\/wp-content\/uploads\/2023\/10\/caffenio-logo-1.png\",\"contentUrl\":\"https:\/\/caffenio.com\/wp-content\/uploads\/2023\/10\/caffenio-logo-1.png\",\"width\":820,\"height\":142,\"caption\":\"CAFFENIO.com\"},\"image\":{\"@id\":\"https:\/\/caffenio.com\/us\/#\/schema\/logo\/image\/\"}}]}<\/script>\n<!-- \/ Yoast SEO plugin. -->","yoast_head_json":{"title":"CAFFENIO.com - products","description":"Caffenio es una empresa 100% mexicana en constante innovaci\u00f3n, y m\u00e1s que productores del mejor caf\u00e9 en M\u00e9xico.","robots":{"index":"index","follow":"follow","max-snippet":"max-snippet:-1","max-image-preview":"max-image-preview:large","max-video-preview":"max-video-preview:-1"},"canonical":"https:\/\/caffenio.com\/us\/products\/","og_locale":"en_US","og_type":"article","og_title":"CAFFENIO.com - products","og_description":"Caffenio es una empresa 100% mexicana en constante innovaci\u00f3n, y m\u00e1s que productores del mejor caf\u00e9 en M\u00e9xico.","og_url":"https:\/\/caffenio.com\/us\/products\/","og_site_name":"CAFFENIO.com","article_modified_time":"2025-03-03T23:24:45+00:00","og_image":[{"width":1920,"height":600,"url":"https:\/\/caffenio.com\/wp-content\/uploads\/2023\/04\/Banner-menu-principal-min.png","type":"image\/png"}],"twitter_card":"summary_large_image","schema":{"@context":"https:\/\/schema.org","@graph":[{"@type":"WebPage","@id":"https:\/\/caffenio.com\/us\/products\/","url":"https:\/\/caffenio.com\/us\/products\/","name":"CAFFENIO.com - products","isPartOf":{"@id":"https:\/\/caffenio.com\/us\/#website"},"primaryImageOfPage":{"@id":"https:\/\/caffenio.com\/us\/products\/#primaryimage"},"image":{"@id":"https:\/\/caffenio.com\/us\/products\/#primaryimage"},"thumbnailUrl":"https:\/\/caffenio.com\/wp-content\/uploads\/2023\/04\/Banner-menu-principal-min.png","datePublished":"2022-11-06T00:04:15+00:00","dateModified":"2025-03-03T23:24:45+00:00","description":"Caffenio es una empresa 100% mexicana en constante innovaci\u00f3n, y m\u00e1s que productores del mejor caf\u00e9 en M\u00e9xico.","breadcrumb":{"@id":"https:\/\/caffenio.com\/us\/products\/#breadcrumb"},"inLanguage":"us","potentialAction":[{"@type":"ReadAction","target":["https:\/\/caffenio.com\/us\/products\/"]}]},{"@type":"ImageObject","inLanguage":"us","@id":"https:\/\/caffenio.com\/us\/products\/#primaryimage","url":"https:\/\/caffenio.com\/wp-content\/uploads\/2023\/04\/Banner-menu-principal-min.png","contentUrl":"https:\/\/caffenio.com\/wp-content\/uploads\/2023\/04\/Banner-menu-principal-min.png","width":1920,"height":600},{"@type":"BreadcrumbList","@id":"https:\/\/caffenio.com\/us\/products\/#breadcrumb","itemListElement":[{"@type":"ListItem","position":1,"name":"Home","item":"https:\/\/caffenio.com\/us\/"},{"@type":"ListItem","position":2,"name":"products"}]},{"@type":"WebSite","@id":"https:\/\/caffenio.com\/us\/#website","url":"https:\/\/caffenio.com\/us\/","name":"CAFFENIO.com","description":"EL mejor caf\u00e9 a tu alcance","publisher":{"@id":"https:\/\/caffenio.com\/us\/#organization"},"potentialAction":[{"@type":"SearchAction","target":{"@type":"EntryPoint","urlTemplate":"https:\/\/caffenio.com\/us\/?s={search_term_string}"},"query-input":{"@type":"PropertyValueSpecification","valueRequired":true,"valueName":"search_term_string"}}],"inLanguage":"us"},{"@type":"Organization","@id":"https:\/\/caffenio.com\/us\/#organization","name":"CAFFENIO.com","url":"https:\/\/caffenio.com\/us\/","logo":{"@type":"ImageObject","inLanguage":"us","@id":"https:\/\/caffenio.com\/us\/#\/schema\/logo\/image\/","url":"https:\/\/caffenio.com\/wp-content\/uploads\/2023\/10\/caffenio-logo-1.png","contentUrl":"https:\/\/caffenio.com\/wp-content\/uploads\/2023\/10\/caffenio-logo-1.png","width":820,"height":142,"caption":"CAFFENIO.com"},"image":{"@id":"https:\/\/caffenio.com\/us\/#\/schema\/logo\/image\/"}}]}},"_links":{"self":[{"href":"https:\/\/caffenio.com\/us\/wp-json\/wp\/v2\/pages\/15997","targetHints":{"allow":["GET"]}}],"collection":[{"href":"https:\/\/caffenio.com\/us\/wp-json\/wp\/v2\/pages"}],"about":[{"href":"https:\/\/caffenio.com\/us\/wp-json\/wp\/v2\/types\/page"}],"author":[{"embeddable":true,"href":"https:\/\/caffenio.com\/us\/wp-json\/wp\/v2\/users\/2"}],"replies":[{"embeddable":true,"href":"https:\/\/caffenio.com\/us\/wp-json\/wp\/v2\/comments?post=15997"}],"version-history":[{"count":2,"href":"https:\/\/caffenio.com\/us\/wp-json\/wp\/v2\/pages\/15997\/revisions"}],"predecessor-version":[{"id":16612,"href":"https:\/\/caffenio.com\/us\/wp-json\/wp\/v2\/pages\/15997\/revisions\/16612"}],"wp:featuredmedia":[{"embeddable":true,"href":"https:\/\/caffenio.com\/us\/wp-json\/wp\/v2\/media\/15998"}],"wp:attachment":[{"href":"https:\/\/caffenio.com\/us\/wp-json\/wp\/v2\/media?parent=15997"}],"curies":[{"name":"wp","href":"https:\/\/api.w.org\/{rel}","templated":true}]}}