{"id":4064,"date":"2022-01-05T22:55:40","date_gmt":"2022-01-05T22:55:40","guid":{"rendered":"https:\/\/34.172.22.84\/responsabilidad-social\/"},"modified":"2023-01-12T17:48:50","modified_gmt":"2023-01-12T17:48:50","slug":"responsabilidad-social","status":"publish","type":"page","link":"https:\/\/caffenio.com\/en\/responsabilidad-social\/","title":{"rendered":"Responsabilidad social"},"content":{"rendered":"<p><img loading=\"lazy\" decoding=\"async\" width=\"72\" height=\"303\" src=\"http:\/\/104.197.127.92\/corporativo\/wp-content\/uploads\/sites\/5\/2022\/01\/grupo-508.png\" alt=\"grupo-508\" loading=\"lazy\" srcset=\"http:\/\/104.197.127.92\/corporativo\/wp-content\/uploads\/sites\/5\/2022\/01\/grupo-508.png 72w, http:\/\/104.197.127.92\/corporativo\/wp-content\/uploads\/sites\/5\/2022\/01\/grupo-508-71x300.png 71w\" sizes=\"auto, (max-width: 72px) 100vw, 72px\" \/><\/p>\n<h2>CAFFENIO Responsable con el entorno<\/h2>\n<p>En CAFFENIO buscamos ser coherentes con nuestro compromiso d\u00eda a d\u00eda, asumiendo nuestra Responsabilidad Social a trav\u00e9s de programas encaminados al bienestar de nuestro personal, de nuestra cadena de valor, las generaciones futuras y nuestra comunidad.<\/p>\n<p>\t\t\t\t\t\t\t\t\t\t\t\t\t\t\t<img loading=\"lazy\" decoding=\"async\" width=\"280\" height=\"268\" src=\"http:\/\/104.197.127.92\/corporativo\/wp-content\/uploads\/sites\/5\/2022\/10\/crece-logo.png\" alt=\"crece-logo\" loading=\"lazy\" \/><\/p>\n<p>Con nuestras acciones espec\u00edficas, buscamos mitigar el impacto ambiental para crecer responsablemente, para que nuestros colaboradores crezcan, mejorar la comunidad y construir un futuro sostenible para las pr\u00f3ximas generaciones. La Responsabilidad Social en CAFFENIO se vive a trav\u00e9s de nuestra Estrategia de Sostenibilidad CRECE, (CAFFENIO Responsable con el Entorno) que se desarrolla bajo tres preceptos importantes: Responsabilidad con la Cadena de Valor, Responsabilidad Propia y Responsabilidad compartida con nuestros Clientes y Consumidores.<\/p>\n<p>Integramos en nuestro d\u00eda a d\u00eda nuestros valores centrales. El compromiso de CAFFENIO con sus colaboradores, proveedores y consumidores finales contin\u00faa d\u00eda a d\u00eda para brindar una experiencia integral que refleje las inquietudes y alcance de la marca, en donde la cultura de la responsabilidad se viva dentro y fuera de la organizaci\u00f3n.<\/p>\n<h2>Estrategia de Sostenibilidad<br \/>\nC<br \/>\nR<br \/>\nE<br \/>\nC<br \/>\nE<\/pan><\/h2>\n<h2>CAFFENIO responsable con el entorno<\/h2>\n<p>\t\t\t\t\t\t\t\t\t\t\t\t\t\t\t<img loading=\"lazy\" decoding=\"async\" width=\"497\" height=\"367\" src=\"http:\/\/104.197.127.92\/corporativo\/wp-content\/uploads\/sites\/5\/2022\/01\/logo-cosecha-2020-04.png\" alt=\"logo-cosecha-2020-04\" loading=\"lazy\" srcset=\"http:\/\/104.197.127.92\/corporativo\/wp-content\/uploads\/sites\/5\/2022\/01\/logo-cosecha-2020-04.png 497w, http:\/\/104.197.127.92\/corporativo\/wp-content\/uploads\/sites\/5\/2022\/01\/logo-cosecha-2020-04-300x222.png 300w\" sizes=\"auto, (max-width: 497px) 100vw, 497px\" \/><\/p>\n<h2>Responsabilidad con cadena de valor<\/h2>\n<p>Impulsamos la sostenibilidad de la cafeticultura mexicana a trav\u00e9s de capacitaci\u00f3n, apoyo tecnol\u00f3gico, actividades con la comunidad y atenci\u00f3n al relevo generacional. El cafe\u0301 beneficia a todos, es por ello que impulsamos CAFFENIO en la comunidad, programa que nos permite contribuir a la mejora de las comunidades donde operamos, asi\u0301 como apoyar el desarrollo de la cadena de cafeticultores en Huatusco, Veracruz y en Pluma Hidalgo, Oaxaca.<\/p>\n<p>\t\t\t<a href=\"\/corporativo\/resposabilidad-social-cosecha\/\" role=\"button\"><br \/>\n\t\t\t\t\t\tM\u00e1s informaci\u00f3n<br \/>\n\t\t\t\t\t<\/a><\/p>\n<h2>Responsabilidad propia<\/h2>\n<p>Asumimos nuestra responsabilidad social a trav\u00e9s de nuestro personal, por eso nos enfocamos en su desarrollo y bienestar integral, formando ciudadanos que se distinguen por su comportamiento respetuoso y honesto.<\/p>\n<p>\t\t\t<a href=\"http:\/\/corporativo.caffenio.com\/ciudadanos-caffenio\/\" target=\"_blank\" role=\"button\" rel=\"noopener\"><br \/>\n\t\t\t\t\t\tM\u00e1s informaci\u00f3n<br \/>\n\t\t\t\t\t<\/a><br \/>\n\t\t\t\t\t\t\t\t\t\t\t\t\t\t\t<img loading=\"lazy\" decoding=\"async\" width=\"382\" height=\"273\" src=\"http:\/\/104.197.127.92\/corporativo\/wp-content\/uploads\/sites\/5\/2022\/01\/logo_ciudadanos-01.png\" alt=\"logo_ciudadanos-01\" loading=\"lazy\" srcset=\"http:\/\/104.197.127.92\/corporativo\/wp-content\/uploads\/sites\/5\/2022\/01\/logo_ciudadanos-01.png 382w, http:\/\/104.197.127.92\/corporativo\/wp-content\/uploads\/sites\/5\/2022\/01\/logo_ciudadanos-01-300x214.png 300w\" sizes=\"auto, (max-width: 382px) 100vw, 382px\" \/><br \/>\n\t\t\t\t\t\t\t\t\t\t\t\t\t\t\t<img loading=\"lazy\" decoding=\"async\" width=\"353\" height=\"349\" src=\"http:\/\/104.197.127.92\/corporativo\/wp-content\/uploads\/sites\/5\/2022\/11\/Logo_Por_Un_Mundo-2020-01.png\" alt=\"Logo_Por_Un_Mundo-2020-01\" loading=\"lazy\" srcset=\"http:\/\/104.197.127.92\/corporativo\/wp-content\/uploads\/sites\/5\/2022\/11\/Logo_Por_Un_Mundo-2020-01.png 353w, http:\/\/104.197.127.92\/corporativo\/wp-content\/uploads\/sites\/5\/2022\/11\/Logo_Por_Un_Mundo-2020-01-300x297.png 300w\" sizes=\"auto, (max-width: 353px) 100vw, 353px\" \/><\/p>\n<h2>Responsabilidad compartida con nuestros clientes y consumidores<\/h2>\n<p>Facilitamos a nuestros clientes y consumidores elecciones responsables para contribuir juntos con el cuidado del medio ambiente.<\/p>\n<p>\t\t\t<a href=\"http:\/\/corporativo.caffenio.com\/resposabilidad-social-un-mundo-como-nos-gusta\/\" target=\"_blank\" role=\"button\" rel=\"noopener\"><br \/>\n\t\t\t\t\t\tM\u00e1s informaci\u00f3n<br \/>\n\t\t\t\t\t<\/a><\/p>\n<h2>Responsabilidad compartida con nuestros clientes y consumidores<\/h2>\n<p>Facilitamos a nuestros clientes y consumidores elecciones responsables para contribuir juntos con el cuidado del medio ambiente. <br \/>CAFFENIO por un planeta sano engloba todas las acciones que realizamos para mitigar el impacto de nuestras operaciones en el entorno, pero adem\u00e1s actividades que realizamos a favor de nuestro planeta.<\/p>\n<p>En CAFFENIO, comprometidos con las generaciones futuras, buscamos la sostenibilidad de operaci\u00f3n, del campo a la taza de caf\u00e9:<\/p>\n<figure><img loading=\"lazy\" decoding=\"async\" width=\"147\" height=\"147\" src=\"http:\/\/104.197.127.92\/corporativo\/wp-content\/uploads\/sites\/5\/2022\/01\/icon-unmundo03.png\" alt=\"icon-unmundo03\" loading=\"lazy\" \/><\/figure>\n<h3>Identificando<\/h3>\n<figure><img loading=\"lazy\" decoding=\"async\" width=\"147\" height=\"147\" src=\"http:\/\/104.197.127.92\/corporativo\/wp-content\/uploads\/sites\/5\/2022\/01\/icon-unmundo02.png\" alt=\"icon-unmundo02\" loading=\"lazy\" \/><\/figure>\n<h3>Controlando<\/h3>\n<figure><img loading=\"lazy\" decoding=\"async\" width=\"147\" height=\"147\" src=\"http:\/\/104.197.127.92\/corporativo\/wp-content\/uploads\/sites\/5\/2022\/01\/icon-unmundo05.png\" alt=\"icon-unmundo05\" loading=\"lazy\" \/><\/figure>\n<h3>Reduciendo<\/h3>\n<figure><img loading=\"lazy\" decoding=\"async\" width=\"147\" height=\"147\" src=\"http:\/\/104.197.127.92\/corporativo\/wp-content\/uploads\/sites\/5\/2022\/01\/icon-unmundo04.png\" alt=\"icon-unmundo04\" loading=\"lazy\" \/><\/figure>\n<h3>Mitigando impactos <\/h3>\n<p>Tenemos conciencia de los grandes problemas ambientales que sufre la madre tierra y no solo nos preocupamos por ello, sino que nos ocupamos en llevar a cabo acciones para tener un mejor planeta. Reafirmamos nuestro compromiso de realizar actividades de negocio de una manera ambientalmente responsable y sostenible, sumando d\u00eda a d\u00eda m\u00e1s ox\u00edgeno al planeta.<\/p>\n<p>\t\t\t\t\t\t\t\t\t\t\t\t\t\t\t<img loading=\"lazy\" decoding=\"async\" width=\"353\" height=\"349\" src=\"http:\/\/104.197.127.92\/corporativo\/wp-content\/uploads\/sites\/5\/2022\/10\/Logo_Por_Un_Mundo-2020-01.png\" alt=\"Logo_Por_Un_Mundo-2020-01\" loading=\"lazy\" srcset=\"http:\/\/104.197.127.92\/corporativo\/wp-content\/uploads\/sites\/5\/2022\/10\/Logo_Por_Un_Mundo-2020-01.png 353w, http:\/\/104.197.127.92\/corporativo\/wp-content\/uploads\/sites\/5\/2022\/10\/Logo_Por_Un_Mundo-2020-01-300x297.png 300w\" sizes=\"auto, (max-width: 353px) 100vw, 353px\" \/><br \/>\n\t\t\t<a href=\"\/corporativo\/responsabilidad-social\/\" role=\"button\"><br \/>\n\t\t\t\t\t\tM\u00e1s informaci\u00f3n<br \/>\n\t\t\t\t\t<\/a><br \/>\n\t\t\t\t\t\t\t\t\t\t\t\t\t\t\t<img loading=\"lazy\" decoding=\"async\" width=\"1108\" height=\"3\" src=\"http:\/\/104.197.127.92\/corporativo\/wp-content\/uploads\/sites\/5\/2022\/01\/trazado-213.png\" alt=\"trazado-213\" loading=\"lazy\" srcset=\"http:\/\/104.197.127.92\/corporativo\/wp-content\/uploads\/sites\/5\/2022\/01\/trazado-213.png 1108w, http:\/\/104.197.127.92\/corporativo\/wp-content\/uploads\/sites\/5\/2022\/01\/trazado-213-300x1.png 300w, http:\/\/104.197.127.92\/corporativo\/wp-content\/uploads\/sites\/5\/2022\/01\/trazado-213-1024x3.png 1024w, http:\/\/104.197.127.92\/corporativo\/wp-content\/uploads\/sites\/5\/2022\/01\/trazado-213-768x2.png 768w\" sizes=\"auto, (max-width: 1108px) 100vw, 1108px\" \/><br \/>\n\t\t\t\t\t\t\t\t\t\t\t\t\t\t\t\t<a href=\"https:\/\/caffenio.com\/pdf\/CRECE-Reporte-2021.pdf\" target=\"_blank\" rel=\"noopener\"><br \/>\n\t\t\t\t\t\t\t<img loading=\"lazy\" decoding=\"async\" width=\"226\" height=\"96\" src=\"http:\/\/104.197.127.92\/corporativo\/wp-content\/uploads\/sites\/5\/2022\/09\/btn-crece.png\" alt=\"btn-crece\" loading=\"lazy\" \/>\t\t\t\t\t\t\t\t<\/a><\/p>\n<p>Descarga el reporte de acciones de responsabilidad social 2022<\/p>\n<p>\t\t\t\t\t\t\t\t\t\t\t\t\t\t\t\t<a href=\"https:\/\/caffenio.com\/pdf\/reporte-caffenio-2020.pdf\" target=\"_blank\" rel=\"noopener\"><br \/>\n\t\t\t\t\t\t\t<img loading=\"lazy\" decoding=\"async\" width=\"226\" height=\"96\" src=\"http:\/\/104.197.127.92\/corporativo\/wp-content\/uploads\/sites\/5\/2022\/09\/btn-crece.png\" alt=\"btn-crece\" loading=\"lazy\" \/>\t\t\t\t\t\t\t\t<\/a><br \/>\n\t\tDescarga el reporte de acciones de responsabilidad social 2020<\/p>\n","protected":false},"excerpt":{"rendered":"<p>CAFFENIO Responsable con el entorno En CAFFENIO buscamos ser coherentes con nuestro compromiso d\u00eda a d\u00eda, asumiendo nuestra Responsabilidad Social a trav\u00e9s de programas encaminados al bienestar de nuestro personal, de nuestra cadena de valor, las generaciones futuras y nuestra comunidad. Con nuestras acciones espec\u00edficas, buscamos mitigar el impacto ambiental para crecer responsablemente, para que [&hellip;]<\/p>\n","protected":false},"author":2,"featured_media":0,"parent":0,"menu_order":0,"comment_status":"closed","ping_status":"closed","template":"elementor_header_footer","meta":{"_acf_changed":false,"footnotes":""},"class_list":["post-4064","page","type-page","status-publish","hentry"],"acf":[],"yoast_head":"<!-- This site is optimized with the Yoast SEO plugin v27.3 - https:\/\/yoast.com\/product\/yoast-seo-wordpress\/ -->\n<title>CAFFENIO.com - Responsabilidad social<\/title>\n<meta name=\"description\" content=\"Caffenio es una empresa 100% mexicana en constante innovaci\u00f3n, y m\u00e1s que productores del mejor caf\u00e9 en M\u00e9xico.\" \/>\n<meta name=\"robots\" content=\"index, follow, max-snippet:-1, max-image-preview:large, max-video-preview:-1\" \/>\n<link rel=\"canonical\" href=\"https:\/\/caffenio.com\/en\/responsabilidad-social\/\" \/>\n<meta property=\"og:locale\" content=\"en_US\" \/>\n<meta property=\"og:type\" content=\"article\" \/>\n<meta property=\"og:title\" content=\"CAFFENIO.com - Responsabilidad social\" \/>\n<meta property=\"og:description\" content=\"Caffenio es una empresa 100% mexicana en constante innovaci\u00f3n, y m\u00e1s que productores del mejor caf\u00e9 en M\u00e9xico.\" \/>\n<meta property=\"og:url\" content=\"https:\/\/caffenio.com\/en\/responsabilidad-social\/\" \/>\n<meta property=\"og:site_name\" content=\"CAFFENIO.com\" \/>\n<meta property=\"article:modified_time\" content=\"2023-01-12T17:48:50+00:00\" \/>\n<meta property=\"og:image\" content=\"http:\/\/104.197.127.92\/corporativo\/wp-content\/uploads\/sites\/5\/2022\/01\/grupo-508.png\" \/>\n<meta name=\"twitter:card\" content=\"summary_large_image\" \/>\n<meta name=\"twitter:label1\" content=\"Est. reading time\" \/>\n\t<meta name=\"twitter:data1\" content=\"2 minutes\" \/>\n<script type=\"application\/ld+json\" class=\"yoast-schema-graph\">{\"@context\":\"https:\\\/\\\/schema.org\",\"@graph\":[{\"@type\":\"WebPage\",\"@id\":\"https:\\\/\\\/caffenio.com\\\/en\\\/responsabilidad-social\\\/\",\"url\":\"https:\\\/\\\/caffenio.com\\\/en\\\/responsabilidad-social\\\/\",\"name\":\"CAFFENIO.com - Responsabilidad social\",\"isPartOf\":{\"@id\":\"https:\\\/\\\/caffenio.com\\\/en\\\/#website\"},\"primaryImageOfPage\":{\"@id\":\"https:\\\/\\\/caffenio.com\\\/en\\\/responsabilidad-social\\\/#primaryimage\"},\"image\":{\"@id\":\"https:\\\/\\\/caffenio.com\\\/en\\\/responsabilidad-social\\\/#primaryimage\"},\"thumbnailUrl\":\"http:\\\/\\\/104.197.127.92\\\/corporativo\\\/wp-content\\\/uploads\\\/sites\\\/5\\\/2022\\\/01\\\/grupo-508.png\",\"datePublished\":\"2022-01-05T22:55:40+00:00\",\"dateModified\":\"2023-01-12T17:48:50+00:00\",\"description\":\"Caffenio es una empresa 100% mexicana en constante innovaci\u00f3n, y m\u00e1s que productores del mejor caf\u00e9 en M\u00e9xico.\",\"breadcrumb\":{\"@id\":\"https:\\\/\\\/caffenio.com\\\/en\\\/responsabilidad-social\\\/#breadcrumb\"},\"inLanguage\":\"en\",\"potentialAction\":[{\"@type\":\"ReadAction\",\"target\":[\"https:\\\/\\\/caffenio.com\\\/en\\\/responsabilidad-social\\\/\"]}]},{\"@type\":\"ImageObject\",\"inLanguage\":\"en\",\"@id\":\"https:\\\/\\\/caffenio.com\\\/en\\\/responsabilidad-social\\\/#primaryimage\",\"url\":\"http:\\\/\\\/104.197.127.92\\\/corporativo\\\/wp-content\\\/uploads\\\/sites\\\/5\\\/2022\\\/01\\\/grupo-508.png\",\"contentUrl\":\"http:\\\/\\\/104.197.127.92\\\/corporativo\\\/wp-content\\\/uploads\\\/sites\\\/5\\\/2022\\\/01\\\/grupo-508.png\"},{\"@type\":\"BreadcrumbList\",\"@id\":\"https:\\\/\\\/caffenio.com\\\/en\\\/responsabilidad-social\\\/#breadcrumb\",\"itemListElement\":[{\"@type\":\"ListItem\",\"position\":1,\"name\":\"Home\",\"item\":\"https:\\\/\\\/caffenio.com\\\/en\\\/\"},{\"@type\":\"ListItem\",\"position\":2,\"name\":\"Responsabilidad social\"}]},{\"@type\":\"WebSite\",\"@id\":\"https:\\\/\\\/caffenio.com\\\/en\\\/#website\",\"url\":\"https:\\\/\\\/caffenio.com\\\/en\\\/\",\"name\":\"CAFFENIO.com\",\"description\":\"EL mejor caf\u00e9 a tu alcance\",\"publisher\":{\"@id\":\"https:\\\/\\\/caffenio.com\\\/en\\\/#organization\"},\"potentialAction\":[{\"@type\":\"SearchAction\",\"target\":{\"@type\":\"EntryPoint\",\"urlTemplate\":\"https:\\\/\\\/caffenio.com\\\/en\\\/?s={search_term_string}\"},\"query-input\":{\"@type\":\"PropertyValueSpecification\",\"valueRequired\":true,\"valueName\":\"search_term_string\"}}],\"inLanguage\":\"en\"},{\"@type\":\"Organization\",\"@id\":\"https:\\\/\\\/caffenio.com\\\/en\\\/#organization\",\"name\":\"CAFFENIO.com\",\"url\":\"https:\\\/\\\/caffenio.com\\\/en\\\/\",\"logo\":{\"@type\":\"ImageObject\",\"inLanguage\":\"en\",\"@id\":\"https:\\\/\\\/caffenio.com\\\/en\\\/#\\\/schema\\\/logo\\\/image\\\/\",\"url\":\"https:\\\/\\\/caffenio.com\\\/wp-content\\\/uploads\\\/2023\\\/10\\\/caffenio-logo-1.png\",\"contentUrl\":\"https:\\\/\\\/caffenio.com\\\/wp-content\\\/uploads\\\/2023\\\/10\\\/caffenio-logo-1.png\",\"width\":820,\"height\":142,\"caption\":\"CAFFENIO.com\"},\"image\":{\"@id\":\"https:\\\/\\\/caffenio.com\\\/en\\\/#\\\/schema\\\/logo\\\/image\\\/\"}}]}<\/script>\n<!-- \/ Yoast SEO plugin. -->","yoast_head_json":{"title":"CAFFENIO.com - Responsabilidad social","description":"Caffenio es una empresa 100% mexicana en constante innovaci\u00f3n, y m\u00e1s que productores del mejor caf\u00e9 en M\u00e9xico.","robots":{"index":"index","follow":"follow","max-snippet":"max-snippet:-1","max-image-preview":"max-image-preview:large","max-video-preview":"max-video-preview:-1"},"canonical":"https:\/\/caffenio.com\/en\/responsabilidad-social\/","og_locale":"en_US","og_type":"article","og_title":"CAFFENIO.com - Responsabilidad social","og_description":"Caffenio es una empresa 100% mexicana en constante innovaci\u00f3n, y m\u00e1s que productores del mejor caf\u00e9 en M\u00e9xico.","og_url":"https:\/\/caffenio.com\/en\/responsabilidad-social\/","og_site_name":"CAFFENIO.com","article_modified_time":"2023-01-12T17:48:50+00:00","og_image":[{"url":"http:\/\/104.197.127.92\/corporativo\/wp-content\/uploads\/sites\/5\/2022\/01\/grupo-508.png","type":"","width":"","height":""}],"twitter_card":"summary_large_image","twitter_misc":{"Est. reading time":"2 minutes"},"schema":{"@context":"https:\/\/schema.org","@graph":[{"@type":"WebPage","@id":"https:\/\/caffenio.com\/en\/responsabilidad-social\/","url":"https:\/\/caffenio.com\/en\/responsabilidad-social\/","name":"CAFFENIO.com - Responsabilidad social","isPartOf":{"@id":"https:\/\/caffenio.com\/en\/#website"},"primaryImageOfPage":{"@id":"https:\/\/caffenio.com\/en\/responsabilidad-social\/#primaryimage"},"image":{"@id":"https:\/\/caffenio.com\/en\/responsabilidad-social\/#primaryimage"},"thumbnailUrl":"http:\/\/104.197.127.92\/corporativo\/wp-content\/uploads\/sites\/5\/2022\/01\/grupo-508.png","datePublished":"2022-01-05T22:55:40+00:00","dateModified":"2023-01-12T17:48:50+00:00","description":"Caffenio es una empresa 100% mexicana en constante innovaci\u00f3n, y m\u00e1s que productores del mejor caf\u00e9 en M\u00e9xico.","breadcrumb":{"@id":"https:\/\/caffenio.com\/en\/responsabilidad-social\/#breadcrumb"},"inLanguage":"en","potentialAction":[{"@type":"ReadAction","target":["https:\/\/caffenio.com\/en\/responsabilidad-social\/"]}]},{"@type":"ImageObject","inLanguage":"en","@id":"https:\/\/caffenio.com\/en\/responsabilidad-social\/#primaryimage","url":"http:\/\/104.197.127.92\/corporativo\/wp-content\/uploads\/sites\/5\/2022\/01\/grupo-508.png","contentUrl":"http:\/\/104.197.127.92\/corporativo\/wp-content\/uploads\/sites\/5\/2022\/01\/grupo-508.png"},{"@type":"BreadcrumbList","@id":"https:\/\/caffenio.com\/en\/responsabilidad-social\/#breadcrumb","itemListElement":[{"@type":"ListItem","position":1,"name":"Home","item":"https:\/\/caffenio.com\/en\/"},{"@type":"ListItem","position":2,"name":"Responsabilidad social"}]},{"@type":"WebSite","@id":"https:\/\/caffenio.com\/en\/#website","url":"https:\/\/caffenio.com\/en\/","name":"CAFFENIO.com","description":"EL mejor caf\u00e9 a tu alcance","publisher":{"@id":"https:\/\/caffenio.com\/en\/#organization"},"potentialAction":[{"@type":"SearchAction","target":{"@type":"EntryPoint","urlTemplate":"https:\/\/caffenio.com\/en\/?s={search_term_string}"},"query-input":{"@type":"PropertyValueSpecification","valueRequired":true,"valueName":"search_term_string"}}],"inLanguage":"en"},{"@type":"Organization","@id":"https:\/\/caffenio.com\/en\/#organization","name":"CAFFENIO.com","url":"https:\/\/caffenio.com\/en\/","logo":{"@type":"ImageObject","inLanguage":"en","@id":"https:\/\/caffenio.com\/en\/#\/schema\/logo\/image\/","url":"https:\/\/caffenio.com\/wp-content\/uploads\/2023\/10\/caffenio-logo-1.png","contentUrl":"https:\/\/caffenio.com\/wp-content\/uploads\/2023\/10\/caffenio-logo-1.png","width":820,"height":142,"caption":"CAFFENIO.com"},"image":{"@id":"https:\/\/caffenio.com\/en\/#\/schema\/logo\/image\/"}}]}},"_links":{"self":[{"href":"https:\/\/caffenio.com\/en\/wp-json\/wp\/v2\/pages\/4064","targetHints":{"allow":["GET"]}}],"collection":[{"href":"https:\/\/caffenio.com\/en\/wp-json\/wp\/v2\/pages"}],"about":[{"href":"https:\/\/caffenio.com\/en\/wp-json\/wp\/v2\/types\/page"}],"author":[{"embeddable":true,"href":"https:\/\/caffenio.com\/en\/wp-json\/wp\/v2\/users\/2"}],"replies":[{"embeddable":true,"href":"https:\/\/caffenio.com\/en\/wp-json\/wp\/v2\/comments?post=4064"}],"version-history":[{"count":1,"href":"https:\/\/caffenio.com\/en\/wp-json\/wp\/v2\/pages\/4064\/revisions"}],"predecessor-version":[{"id":4065,"href":"https:\/\/caffenio.com\/en\/wp-json\/wp\/v2\/pages\/4064\/revisions\/4065"}],"wp:attachment":[{"href":"https:\/\/caffenio.com\/en\/wp-json\/wp\/v2\/media?parent=4064"}],"curies":[{"name":"wp","href":"https:\/\/api.w.org\/{rel}","templated":true}]}}