{"id":4052,"date":"2022-11-05T16:58:41","date_gmt":"2022-11-05T23:58:41","guid":{"rendered":"https:\/\/34.172.22.84\/cafeterias-map\/"},"modified":"2023-01-17T19:04:16","modified_gmt":"2023-01-17T19:04:16","slug":"cafeterias-map","status":"publish","type":"page","link":"https:\/\/caffenio.com\/en\/cafeterias-map\/","title":{"rendered":"Cafeterias Map"},"content":{"rendered":"\t\t<div data-elementor-type=\"wp-page\" data-elementor-id=\"4052\" class=\"elementor elementor-4052 elementor-239\" data-elementor-post-type=\"page\">\n\t\t\t\t\t\t<section class=\"elementor-section elementor-top-section elementor-element elementor-element-240082d4 elementor-hidden-desktop elementor-hidden-tablet elementor-section-full_width elementor-section-height-default elementor-section-height-default\" data-id=\"240082d4\" data-element_type=\"section\" data-e-type=\"section\">\n\t\t\t\t\t\t<div class=\"elementor-container elementor-column-gap-default\">\n\t\t\t\t\t<div class=\"elementor-column elementor-col-100 elementor-top-column elementor-element elementor-element-7017c8f3\" data-id=\"7017c8f3\" data-element_type=\"column\" data-e-type=\"column\">\n\t\t\t<div class=\"elementor-widget-wrap elementor-element-populated\">\n\t\t\t\t\t\t<div class=\"elementor-element elementor-element-6f77cda elementor-widget elementor-widget-heading\" data-id=\"6f77cda\" data-element_type=\"widget\" data-e-type=\"widget\" data-widget_type=\"heading.default\">\n\t\t\t\t<div class=\"elementor-widget-container\">\n\t\t\t\t\t<h2 class=\"elementor-heading-title elementor-size-default\">Ubications<\/h2>\t\t\t\t<\/div>\n\t\t\t\t<\/div>\n\t\t\t\t\t<\/div>\n\t\t<\/div>\n\t\t\t\t\t<\/div>\n\t\t<\/section>\n\t\t\t\t<section class=\"elementor-section elementor-top-section elementor-element elementor-element-57d85ea7 elementor-section-full_width elementor-section-height-default elementor-section-height-default\" data-id=\"57d85ea7\" data-element_type=\"section\" data-e-type=\"section\" id=\"ubicaciones\" data-settings=\"{&quot;background_background&quot;:&quot;classic&quot;}\">\n\t\t\t\t\t\t<div class=\"elementor-container elementor-column-gap-default\">\n\t\t\t\t\t<div class=\"elementor-column elementor-col-100 elementor-top-column elementor-element elementor-element-2f403193\" data-id=\"2f403193\" data-element_type=\"column\" data-e-type=\"column\">\n\t\t\t<div class=\"elementor-widget-wrap elementor-element-populated\">\n\t\t\t\t\t\t<section class=\"elementor-section elementor-inner-section elementor-element elementor-element-15d10e74 elementor-section-full_width elementor-section-height-default elementor-section-height-default\" data-id=\"15d10e74\" data-element_type=\"section\" data-e-type=\"section\">\n\t\t\t\t\t\t<div class=\"elementor-container elementor-column-gap-default\">\n\t\t\t\t\t<div class=\"elementor-column elementor-col-100 elementor-inner-column elementor-element elementor-element-f016f8b\" data-id=\"f016f8b\" data-element_type=\"column\" data-e-type=\"column\">\n\t\t\t<div class=\"elementor-widget-wrap elementor-element-populated\">\n\t\t\t\t\t\t<div class=\"elementor-element elementor-element-49214128 elementor-widget elementor-widget-shortcode\" data-id=\"49214128\" data-element_type=\"widget\" data-e-type=\"widget\" data-widget_type=\"shortcode.default\">\n\t\t\t\t<div class=\"elementor-widget-container\">\n\t\t\t\t\t\t\t<div class=\"elementor-shortcode\"><div id='mapa-root'><\/div><\/div>\n\t\t\t\t\t\t<\/div>\n\t\t\t\t<\/div>\n\t\t\t\t\t<\/div>\n\t\t<\/div>\n\t\t\t\t\t<\/div>\n\t\t<\/section>\n\t\t\t\t\t<\/div>\n\t\t<\/div>\n\t\t\t\t\t<\/div>\n\t\t<\/section>\n\t\t\t\t<\/div>\n\t\t","protected":false},"excerpt":{"rendered":"<p>Ubications<\/p>\n","protected":false},"author":2,"featured_media":20712,"parent":0,"menu_order":0,"comment_status":"closed","ping_status":"closed","template":"elementor_header_footer","meta":{"_acf_changed":false,"footnotes":""},"class_list":["post-4052","page","type-page","status-publish","has-post-thumbnail","hentry"],"acf":[],"yoast_head":"<!-- This site is optimized with the Yoast SEO plugin v27.3 - https:\/\/yoast.com\/product\/yoast-seo-wordpress\/ -->\n<title>CAFFENIO.com - Cafeterias Map<\/title>\n<meta name=\"description\" content=\"Caffenio es una empresa 100% mexicana en constante innovaci\u00f3n, y m\u00e1s que productores del mejor caf\u00e9 en M\u00e9xico.\" \/>\n<meta name=\"robots\" content=\"index, follow, max-snippet:-1, max-image-preview:large, max-video-preview:-1\" \/>\n<link rel=\"canonical\" href=\"https:\/\/caffenio.com\/en\/cafeterias-map\/\" \/>\n<meta property=\"og:locale\" content=\"en_US\" \/>\n<meta property=\"og:type\" content=\"article\" \/>\n<meta property=\"og:title\" content=\"CAFFENIO.com - Cafeterias Map\" \/>\n<meta property=\"og:description\" content=\"Caffenio es una empresa 100% mexicana en constante innovaci\u00f3n, y m\u00e1s que productores del mejor caf\u00e9 en M\u00e9xico.\" \/>\n<meta property=\"og:url\" content=\"https:\/\/caffenio.com\/en\/cafeterias-map\/\" \/>\n<meta property=\"og:site_name\" content=\"CAFFENIO.com\" \/>\n<meta property=\"article:modified_time\" content=\"2023-01-17T19:04:16+00:00\" \/>\n<meta name=\"twitter:card\" content=\"summary_large_image\" \/>\n<script type=\"application\/ld+json\" class=\"yoast-schema-graph\">{\"@context\":\"https:\\\/\\\/schema.org\",\"@graph\":[{\"@type\":\"WebPage\",\"@id\":\"https:\\\/\\\/caffenio.com\\\/en\\\/cafeterias-map\\\/\",\"url\":\"https:\\\/\\\/caffenio.com\\\/en\\\/cafeterias-map\\\/\",\"name\":\"CAFFENIO.com - Cafeterias Map\",\"isPartOf\":{\"@id\":\"https:\\\/\\\/caffenio.com\\\/en\\\/#website\"},\"primaryImageOfPage\":{\"@id\":\"https:\\\/\\\/caffenio.com\\\/en\\\/cafeterias-map\\\/#primaryimage\"},\"image\":{\"@id\":\"https:\\\/\\\/caffenio.com\\\/en\\\/cafeterias-map\\\/#primaryimage\"},\"thumbnailUrl\":\"https:\\\/\\\/caffenio.com\\\/wp-content\\\/uploads\\\/2026\\\/03\\\/caffenio-tienda-2.webp\",\"datePublished\":\"2022-11-05T23:58:41+00:00\",\"dateModified\":\"2023-01-17T19:04:16+00:00\",\"description\":\"Caffenio es una empresa 100% mexicana en constante innovaci\u00f3n, y m\u00e1s que productores del mejor caf\u00e9 en M\u00e9xico.\",\"breadcrumb\":{\"@id\":\"https:\\\/\\\/caffenio.com\\\/en\\\/cafeterias-map\\\/#breadcrumb\"},\"inLanguage\":\"en\",\"potentialAction\":[{\"@type\":\"ReadAction\",\"target\":[\"https:\\\/\\\/caffenio.com\\\/en\\\/cafeterias-map\\\/\"]}]},{\"@type\":\"ImageObject\",\"inLanguage\":\"en\",\"@id\":\"https:\\\/\\\/caffenio.com\\\/en\\\/cafeterias-map\\\/#primaryimage\",\"url\":\"https:\\\/\\\/caffenio.com\\\/wp-content\\\/uploads\\\/2026\\\/03\\\/caffenio-tienda-2.webp\",\"contentUrl\":\"https:\\\/\\\/caffenio.com\\\/wp-content\\\/uploads\\\/2026\\\/03\\\/caffenio-tienda-2.webp\",\"width\":1920,\"height\":688,\"caption\":\"caffenio-tienda-2\"},{\"@type\":\"BreadcrumbList\",\"@id\":\"https:\\\/\\\/caffenio.com\\\/en\\\/cafeterias-map\\\/#breadcrumb\",\"itemListElement\":[{\"@type\":\"ListItem\",\"position\":1,\"name\":\"Home\",\"item\":\"https:\\\/\\\/caffenio.com\\\/en\\\/\"},{\"@type\":\"ListItem\",\"position\":2,\"name\":\"Cafeterias Map\"}]},{\"@type\":\"WebSite\",\"@id\":\"https:\\\/\\\/caffenio.com\\\/en\\\/#website\",\"url\":\"https:\\\/\\\/caffenio.com\\\/en\\\/\",\"name\":\"CAFFENIO.com\",\"description\":\"EL mejor caf\u00e9 a tu alcance\",\"publisher\":{\"@id\":\"https:\\\/\\\/caffenio.com\\\/en\\\/#organization\"},\"potentialAction\":[{\"@type\":\"SearchAction\",\"target\":{\"@type\":\"EntryPoint\",\"urlTemplate\":\"https:\\\/\\\/caffenio.com\\\/en\\\/?s={search_term_string}\"},\"query-input\":{\"@type\":\"PropertyValueSpecification\",\"valueRequired\":true,\"valueName\":\"search_term_string\"}}],\"inLanguage\":\"en\"},{\"@type\":\"Organization\",\"@id\":\"https:\\\/\\\/caffenio.com\\\/en\\\/#organization\",\"name\":\"CAFFENIO.com\",\"url\":\"https:\\\/\\\/caffenio.com\\\/en\\\/\",\"logo\":{\"@type\":\"ImageObject\",\"inLanguage\":\"en\",\"@id\":\"https:\\\/\\\/caffenio.com\\\/en\\\/#\\\/schema\\\/logo\\\/image\\\/\",\"url\":\"https:\\\/\\\/caffenio.com\\\/wp-content\\\/uploads\\\/2023\\\/10\\\/caffenio-logo-1.png\",\"contentUrl\":\"https:\\\/\\\/caffenio.com\\\/wp-content\\\/uploads\\\/2023\\\/10\\\/caffenio-logo-1.png\",\"width\":820,\"height\":142,\"caption\":\"CAFFENIO.com\"},\"image\":{\"@id\":\"https:\\\/\\\/caffenio.com\\\/en\\\/#\\\/schema\\\/logo\\\/image\\\/\"}}]}<\/script>\n<!-- \/ Yoast SEO plugin. -->","yoast_head_json":{"title":"CAFFENIO.com - Cafeterias Map","description":"Caffenio es una empresa 100% mexicana en constante innovaci\u00f3n, y m\u00e1s que productores del mejor caf\u00e9 en M\u00e9xico.","robots":{"index":"index","follow":"follow","max-snippet":"max-snippet:-1","max-image-preview":"max-image-preview:large","max-video-preview":"max-video-preview:-1"},"canonical":"https:\/\/caffenio.com\/en\/cafeterias-map\/","og_locale":"en_US","og_type":"article","og_title":"CAFFENIO.com - Cafeterias Map","og_description":"Caffenio es una empresa 100% mexicana en constante innovaci\u00f3n, y m\u00e1s que productores del mejor caf\u00e9 en M\u00e9xico.","og_url":"https:\/\/caffenio.com\/en\/cafeterias-map\/","og_site_name":"CAFFENIO.com","article_modified_time":"2023-01-17T19:04:16+00:00","twitter_card":"summary_large_image","schema":{"@context":"https:\/\/schema.org","@graph":[{"@type":"WebPage","@id":"https:\/\/caffenio.com\/en\/cafeterias-map\/","url":"https:\/\/caffenio.com\/en\/cafeterias-map\/","name":"CAFFENIO.com - Cafeterias Map","isPartOf":{"@id":"https:\/\/caffenio.com\/en\/#website"},"primaryImageOfPage":{"@id":"https:\/\/caffenio.com\/en\/cafeterias-map\/#primaryimage"},"image":{"@id":"https:\/\/caffenio.com\/en\/cafeterias-map\/#primaryimage"},"thumbnailUrl":"https:\/\/caffenio.com\/wp-content\/uploads\/2026\/03\/caffenio-tienda-2.webp","datePublished":"2022-11-05T23:58:41+00:00","dateModified":"2023-01-17T19:04:16+00:00","description":"Caffenio es una empresa 100% mexicana en constante innovaci\u00f3n, y m\u00e1s que productores del mejor caf\u00e9 en M\u00e9xico.","breadcrumb":{"@id":"https:\/\/caffenio.com\/en\/cafeterias-map\/#breadcrumb"},"inLanguage":"en","potentialAction":[{"@type":"ReadAction","target":["https:\/\/caffenio.com\/en\/cafeterias-map\/"]}]},{"@type":"ImageObject","inLanguage":"en","@id":"https:\/\/caffenio.com\/en\/cafeterias-map\/#primaryimage","url":"https:\/\/caffenio.com\/wp-content\/uploads\/2026\/03\/caffenio-tienda-2.webp","contentUrl":"https:\/\/caffenio.com\/wp-content\/uploads\/2026\/03\/caffenio-tienda-2.webp","width":1920,"height":688,"caption":"caffenio-tienda-2"},{"@type":"BreadcrumbList","@id":"https:\/\/caffenio.com\/en\/cafeterias-map\/#breadcrumb","itemListElement":[{"@type":"ListItem","position":1,"name":"Home","item":"https:\/\/caffenio.com\/en\/"},{"@type":"ListItem","position":2,"name":"Cafeterias Map"}]},{"@type":"WebSite","@id":"https:\/\/caffenio.com\/en\/#website","url":"https:\/\/caffenio.com\/en\/","name":"CAFFENIO.com","description":"EL mejor caf\u00e9 a tu alcance","publisher":{"@id":"https:\/\/caffenio.com\/en\/#organization"},"potentialAction":[{"@type":"SearchAction","target":{"@type":"EntryPoint","urlTemplate":"https:\/\/caffenio.com\/en\/?s={search_term_string}"},"query-input":{"@type":"PropertyValueSpecification","valueRequired":true,"valueName":"search_term_string"}}],"inLanguage":"en"},{"@type":"Organization","@id":"https:\/\/caffenio.com\/en\/#organization","name":"CAFFENIO.com","url":"https:\/\/caffenio.com\/en\/","logo":{"@type":"ImageObject","inLanguage":"en","@id":"https:\/\/caffenio.com\/en\/#\/schema\/logo\/image\/","url":"https:\/\/caffenio.com\/wp-content\/uploads\/2023\/10\/caffenio-logo-1.png","contentUrl":"https:\/\/caffenio.com\/wp-content\/uploads\/2023\/10\/caffenio-logo-1.png","width":820,"height":142,"caption":"CAFFENIO.com"},"image":{"@id":"https:\/\/caffenio.com\/en\/#\/schema\/logo\/image\/"}}]}},"_links":{"self":[{"href":"https:\/\/caffenio.com\/en\/wp-json\/wp\/v2\/pages\/4052","targetHints":{"allow":["GET"]}}],"collection":[{"href":"https:\/\/caffenio.com\/en\/wp-json\/wp\/v2\/pages"}],"about":[{"href":"https:\/\/caffenio.com\/en\/wp-json\/wp\/v2\/types\/page"}],"author":[{"embeddable":true,"href":"https:\/\/caffenio.com\/en\/wp-json\/wp\/v2\/users\/2"}],"replies":[{"embeddable":true,"href":"https:\/\/caffenio.com\/en\/wp-json\/wp\/v2\/comments?post=4052"}],"version-history":[{"count":9,"href":"https:\/\/caffenio.com\/en\/wp-json\/wp\/v2\/pages\/4052\/revisions"}],"predecessor-version":[{"id":4356,"href":"https:\/\/caffenio.com\/en\/wp-json\/wp\/v2\/pages\/4052\/revisions\/4356"}],"wp:featuredmedia":[{"embeddable":true,"href":"https:\/\/caffenio.com\/en\/wp-json\/wp\/v2\/media\/20712"}],"wp:attachment":[{"href":"https:\/\/caffenio.com\/en\/wp-json\/wp\/v2\/media?parent=4052"}],"curies":[{"name":"wp","href":"https:\/\/api.w.org\/{rel}","templated":true}]}}