{"id":4030,"date":"2022-11-05T18:47:45","date_gmt":"2022-11-06T01:47:45","guid":{"rendered":"https:\/\/34.172.22.84\/blog\/"},"modified":"2023-01-13T17:49:44","modified_gmt":"2023-01-13T17:49:44","slug":"blog","status":"publish","type":"page","link":"https:\/\/caffenio.com\/en\/blog\/","title":{"rendered":"Blog"},"content":{"rendered":"\t\t<div data-elementor-type=\"wp-page\" data-elementor-id=\"4030\" class=\"elementor elementor-4030 elementor-451\" data-elementor-post-type=\"page\">\n\t\t\t\t\t\t<section class=\"elementor-section elementor-top-section elementor-element elementor-element-72dda52d elementor-section-full_width elementor-section-height-default elementor-section-height-default\" data-id=\"72dda52d\" data-element_type=\"section\" data-e-type=\"section\">\n\t\t\t\t\t\t<div class=\"elementor-container elementor-column-gap-default\">\n\t\t\t\t\t<div class=\"elementor-column elementor-col-100 elementor-top-column elementor-element elementor-element-1541d88c\" data-id=\"1541d88c\" data-element_type=\"column\" data-e-type=\"column\">\n\t\t\t<div class=\"elementor-widget-wrap elementor-element-populated\">\n\t\t\t\t\t\t<div class=\"elementor-element elementor-element-60745855 elementor-widget__width-initial elementor-widget-mobile__width-inherit elementor-widget elementor-widget-image\" data-id=\"60745855\" data-element_type=\"widget\" data-e-type=\"widget\" data-widget_type=\"image.default\">\n\t\t\t\t<div class=\"elementor-widget-container\">\n\t\t\t\t\t\t\t\t\t\t\t\t\t\t\t<img decoding=\"async\" width=\"183\" height=\"15\" src=\"https:\/\/caffenio.com\/wp-content\/uploads\/2023\/01\/grupo-61.png\" class=\"attachment-full size-full wp-image-3991\" alt=\"\" \/>\t\t\t\t\t\t\t\t\t\t\t\t\t\t\t<\/div>\n\t\t\t\t<\/div>\n\t\t\t\t<div class=\"elementor-element elementor-element-535454e0 elementor-widget__width-initial elementor-widget-mobile__width-inherit elementor-widget elementor-widget-heading\" data-id=\"535454e0\" data-element_type=\"widget\" data-e-type=\"widget\" data-widget_type=\"heading.default\">\n\t\t\t\t<div class=\"elementor-widget-container\">\n\t\t\t\t\t<h2 class=\"elementor-heading-title elementor-size-default\">BLOG<\/h2>\t\t\t\t<\/div>\n\t\t\t\t<\/div>\n\t\t\t\t<div class=\"elementor-element elementor-element-4d13499 elementor-widget elementor-widget-image\" data-id=\"4d13499\" data-element_type=\"widget\" data-e-type=\"widget\" data-widget_type=\"image.default\">\n\t\t\t\t<div class=\"elementor-widget-container\">\n\t\t\t\t\t\t\t\t\t\t\t\t\t\t\t<img decoding=\"async\" width=\"1591\" height=\"3\" src=\"https:\/\/caffenio.com\/wp-content\/uploads\/2023\/01\/trazado-215-1.jpg\" class=\"attachment-full size-full wp-image-4013\" alt=\"\" srcset=\"https:\/\/caffenio.com\/wp-content\/uploads\/2023\/01\/trazado-215-1.jpg 1591w, https:\/\/caffenio.com\/wp-content\/uploads\/2023\/01\/trazado-215-1-300x1.jpg 300w, https:\/\/caffenio.com\/wp-content\/uploads\/2023\/01\/trazado-215-1-1024x2.jpg 1024w, https:\/\/caffenio.com\/wp-content\/uploads\/2023\/01\/trazado-215-1-768x1.jpg 768w, https:\/\/caffenio.com\/wp-content\/uploads\/2023\/01\/trazado-215-1-1536x3.jpg 1536w\" sizes=\"(max-width: 1591px) 100vw, 1591px\" \/>\t\t\t\t\t\t\t\t\t\t\t\t\t\t\t<\/div>\n\t\t\t\t<\/div>\n\t\t\t\t\t<\/div>\n\t\t<\/div>\n\t\t\t\t\t<\/div>\n\t\t<\/section>\n\t\t\t\t<section class=\"elementor-section elementor-top-section elementor-element elementor-element-3ebe6c2b elementor-section-full_width elementor-section-height-default elementor-section-height-default\" data-id=\"3ebe6c2b\" data-element_type=\"section\" data-e-type=\"section\">\n\t\t\t\t\t\t<div class=\"elementor-container elementor-column-gap-default\">\n\t\t\t\t\t<div class=\"elementor-column elementor-col-100 elementor-top-column elementor-element elementor-element-6ae17bae\" data-id=\"6ae17bae\" data-element_type=\"column\" data-e-type=\"column\">\n\t\t\t<div class=\"elementor-widget-wrap elementor-element-populated\">\n\t\t\t\t\t\t<div class=\"elementor-element elementor-element-3f94f1e6 elementor-widget__width-initial elementor-widget-mobile__width-inherit elementor-widget elementor-widget-shortcode\" data-id=\"3f94f1e6\" data-element_type=\"widget\" data-e-type=\"widget\" data-widget_type=\"shortcode.default\">\n\t\t\t\t<div class=\"elementor-widget-container\">\n\t\t\t\t\t\t\t<div class=\"elementor-shortcode\">[posts-categories]<\/div>\n\t\t\t\t\t\t<\/div>\n\t\t\t\t<\/div>\n\t\t\t\t<div class=\"elementor-element elementor-element-13f72ed1 elementor-widget__width-initial elementor-widget-mobile__width-inherit elementor-search-form--skin-classic elementor-search-form--button-type-icon elementor-search-form--icon-search elementor-widget elementor-widget-search-form\" data-id=\"13f72ed1\" data-element_type=\"widget\" data-e-type=\"widget\" data-settings=\"{&quot;skin&quot;:&quot;classic&quot;}\" data-widget_type=\"search-form.default\">\n\t\t\t\t<div class=\"elementor-widget-container\">\n\t\t\t\t\t\t\t<search role=\"search\">\n\t\t\t<form class=\"elementor-search-form\" action=\"https:\/\/caffenio.com\/en\/\" method=\"get\">\n\t\t\t\t\t\t\t\t\t\t\t\t<div class=\"elementor-search-form__container\">\n\t\t\t\t\t<label class=\"elementor-screen-only\" for=\"elementor-search-form-13f72ed1\">Search<\/label>\n\n\t\t\t\t\t\n\t\t\t\t\t<input id=\"elementor-search-form-13f72ed1\" placeholder=\"Search\" class=\"elementor-search-form__input\" type=\"search\" name=\"s\" value=\"\">\n\t\t\t\t\t<input type='hidden' name='lang' value='en' \/>\n\t\t\t\t\t\t\t\t\t\t\t<button class=\"elementor-search-form__submit\" type=\"submit\" aria-label=\"Search\">\n\t\t\t\t\t\t\t\t\t\t\t\t\t\t\t<i aria-hidden=\"true\" class=\"fas fa-search\"><\/i>\t\t\t\t\t\t\t\t\t\t\t\t\t<\/button>\n\t\t\t\t\t\n\t\t\t\t\t\t\t\t\t<\/div>\n\t\t\t<\/form>\n\t\t<\/search>\n\t\t\t\t\t\t<\/div>\n\t\t\t\t<\/div>\n\t\t\t\t\t<\/div>\n\t\t<\/div>\n\t\t\t\t\t<\/div>\n\t\t<\/section>\n\t\t\t\t<section class=\"elementor-section elementor-top-section elementor-element elementor-element-790a0660 elementor-section-full_width elementor-section-height-default elementor-section-height-default\" data-id=\"790a0660\" data-element_type=\"section\" data-e-type=\"section\">\n\t\t\t\t\t\t<div class=\"elementor-container elementor-column-gap-default\">\n\t\t\t\t\t<div class=\"elementor-column elementor-col-100 elementor-top-column elementor-element elementor-element-6dc6fa49\" data-id=\"6dc6fa49\" data-element_type=\"column\" data-e-type=\"column\" data-settings=\"{&quot;background_background&quot;:&quot;classic&quot;}\">\n\t\t\t<div class=\"elementor-widget-wrap elementor-element-populated\">\n\t\t\t\t\t\t<div class=\"elementor-element elementor-element-6ee7d76d elementor-grid-1 elementor-grid-tablet-1 elementor-posts--thumbnail-top elementor-grid-mobile-1 elementor-widget elementor-widget-posts\" data-id=\"6ee7d76d\" data-element_type=\"widget\" data-e-type=\"widget\" data-settings=\"{&quot;custom_columns&quot;:&quot;1&quot;,&quot;custom_columns_tablet&quot;:&quot;1&quot;,&quot;custom_columns_mobile&quot;:&quot;1&quot;,&quot;custom_row_gap&quot;:{&quot;unit&quot;:&quot;px&quot;,&quot;size&quot;:35,&quot;sizes&quot;:[]},&quot;custom_row_gap_tablet&quot;:{&quot;unit&quot;:&quot;px&quot;,&quot;size&quot;:&quot;&quot;,&quot;sizes&quot;:[]},&quot;custom_row_gap_mobile&quot;:{&quot;unit&quot;:&quot;px&quot;,&quot;size&quot;:&quot;&quot;,&quot;sizes&quot;:[]}}\" data-widget_type=\"posts.custom\">\n\t\t\t\t<div class=\"elementor-widget-container\">\n\t\t\t\t\t      <div class=\"ecs-posts elementor-posts-container elementor-posts   elementor-grid elementor-posts--skin-custom\" data-settings=\"{&quot;current_page&quot;:1,&quot;max_num_pages&quot;:0,&quot;load_method&quot;:&quot;&quot;,&quot;widget_id&quot;:&quot;6ee7d76d&quot;,&quot;post_id&quot;:4030,&quot;theme_id&quot;:4030,&quot;change_url&quot;:false,&quot;reinit_js&quot;:false}\">\n      <div class=\"elementor-posts-nothing-found\"><\/div>\t\t<\/div>\n\t\t\t\t\t\t<\/div>\n\t\t\t\t<\/div>\n\t\t\t\t\t<\/div>\n\t\t<\/div>\n\t\t\t\t\t<\/div>\n\t\t<\/section>\n\t\t\t\t<section class=\"elementor-section elementor-top-section elementor-element elementor-element-3c61b9d1 elementor-section-full_width elementor-section-height-default elementor-section-height-default\" data-id=\"3c61b9d1\" data-element_type=\"section\" data-e-type=\"section\">\n\t\t\t\t\t\t<div class=\"elementor-container elementor-column-gap-default\">\n\t\t\t\t\t<div class=\"elementor-column elementor-col-100 elementor-top-column elementor-element elementor-element-6d769e2\" data-id=\"6d769e2\" data-element_type=\"column\" data-e-type=\"column\">\n\t\t\t<div class=\"elementor-widget-wrap elementor-element-populated\">\n\t\t\t\t\t\t<div class=\"elementor-element elementor-element-1755fdd8 elementor-widget elementor-widget-image\" data-id=\"1755fdd8\" data-element_type=\"widget\" data-e-type=\"widget\" data-widget_type=\"image.default\">\n\t\t\t\t<div class=\"elementor-widget-container\">\n\t\t\t\t\t\t\t\t\t\t\t\t\t\t\t<img decoding=\"async\" width=\"183\" height=\"15\" src=\"https:\/\/caffenio.com\/wp-content\/uploads\/2023\/01\/grupo-61.png\" class=\"attachment-full size-full wp-image-3991\" alt=\"\" \/>\t\t\t\t\t\t\t\t\t\t\t\t\t\t\t<\/div>\n\t\t\t\t<\/div>\n\t\t\t\t<div class=\"elementor-element elementor-element-77b8e5e2 elementor-widget elementor-widget-heading\" data-id=\"77b8e5e2\" data-element_type=\"widget\" data-e-type=\"widget\" data-widget_type=\"heading.default\">\n\t\t\t\t<div class=\"elementor-widget-container\">\n\t\t\t\t\t<h2 class=\"elementor-heading-title elementor-size-default\">Notes<\/h2>\t\t\t\t<\/div>\n\t\t\t\t<\/div>\n\t\t\t\t<div class=\"elementor-element elementor-element-74347e71 elementor-widget elementor-widget-image\" data-id=\"74347e71\" data-element_type=\"widget\" data-e-type=\"widget\" data-widget_type=\"image.default\">\n\t\t\t\t<div class=\"elementor-widget-container\">\n\t\t\t\t\t\t\t\t\t\t\t\t\t\t\t<img decoding=\"async\" width=\"1591\" height=\"3\" src=\"https:\/\/caffenio.com\/wp-content\/uploads\/2023\/01\/trazado-215-1.jpg\" class=\"attachment-full size-full wp-image-4013\" alt=\"\" srcset=\"https:\/\/caffenio.com\/wp-content\/uploads\/2023\/01\/trazado-215-1.jpg 1591w, https:\/\/caffenio.com\/wp-content\/uploads\/2023\/01\/trazado-215-1-300x1.jpg 300w, https:\/\/caffenio.com\/wp-content\/uploads\/2023\/01\/trazado-215-1-1024x2.jpg 1024w, https:\/\/caffenio.com\/wp-content\/uploads\/2023\/01\/trazado-215-1-768x1.jpg 768w, https:\/\/caffenio.com\/wp-content\/uploads\/2023\/01\/trazado-215-1-1536x3.jpg 1536w\" sizes=\"(max-width: 1591px) 100vw, 1591px\" \/>\t\t\t\t\t\t\t\t\t\t\t\t\t\t\t<\/div>\n\t\t\t\t<\/div>\n\t\t\t\t<section class=\"elementor-section elementor-inner-section elementor-element elementor-element-7857b630 elementor-section-full_width elementor-section-height-default elementor-section-height-default\" data-id=\"7857b630\" data-element_type=\"section\" data-e-type=\"section\">\n\t\t\t\t\t\t<div class=\"elementor-container elementor-column-gap-default\">\n\t\t\t\t\t<div class=\"elementor-column elementor-col-100 elementor-inner-column elementor-element elementor-element-45c85e9a\" data-id=\"45c85e9a\" data-element_type=\"column\" data-e-type=\"column\">\n\t\t\t<div class=\"elementor-widget-wrap elementor-element-populated\">\n\t\t\t\t\t\t<div class=\"elementor-element elementor-element-2b0a4405 elementor-grid-1 elementor-grid-tablet-1 elementor-posts--thumbnail-top elementor-grid-mobile-1 elementor-widget elementor-widget-posts\" data-id=\"2b0a4405\" data-element_type=\"widget\" data-e-type=\"widget\" data-settings=\"{&quot;custom_columns&quot;:&quot;1&quot;,&quot;custom_row_gap&quot;:{&quot;unit&quot;:&quot;px&quot;,&quot;size&quot;:50,&quot;sizes&quot;:[]},&quot;custom_columns_tablet&quot;:&quot;1&quot;,&quot;custom_columns_mobile&quot;:&quot;1&quot;,&quot;custom_row_gap_tablet&quot;:{&quot;unit&quot;:&quot;px&quot;,&quot;size&quot;:&quot;&quot;,&quot;sizes&quot;:[]},&quot;custom_row_gap_mobile&quot;:{&quot;unit&quot;:&quot;px&quot;,&quot;size&quot;:&quot;&quot;,&quot;sizes&quot;:[]}}\" data-widget_type=\"posts.custom\">\n\t\t\t\t<div class=\"elementor-widget-container\">\n\t\t\t\t\t      <div class=\"ecs-posts elementor-posts-container elementor-posts   elementor-grid elementor-posts--skin-custom\" data-settings=\"{&quot;current_page&quot;:1,&quot;max_num_pages&quot;:0,&quot;load_method&quot;:&quot;loadmore&quot;,&quot;widget_id&quot;:&quot;2b0a4405&quot;,&quot;post_id&quot;:4030,&quot;theme_id&quot;:4030,&quot;change_url&quot;:false,&quot;reinit_js&quot;:false}\">\n      <div class=\"elementor-posts-nothing-found\"><\/div>\t\t<\/div>\n\t\t\t\t\t\t<\/div>\n\t\t\t\t<\/div>\n\t\t\t\t\t<\/div>\n\t\t<\/div>\n\t\t\t\t\t<\/div>\n\t\t<\/section>\n\t\t\t\t\t<\/div>\n\t\t<\/div>\n\t\t\t\t\t<\/div>\n\t\t<\/section>\n\t\t\t\t<\/div>\n\t\t","protected":false},"excerpt":{"rendered":"<p>BLOG [posts-categories] Notes<\/p>\n","protected":false},"author":2,"featured_media":3936,"parent":0,"menu_order":0,"comment_status":"closed","ping_status":"closed","template":"elementor_header_footer","meta":{"_acf_changed":false,"footnotes":""},"class_list":["post-4030","page","type-page","status-publish","has-post-thumbnail","hentry"],"acf":[],"yoast_head":"<!-- This site is optimized with the Yoast SEO plugin v27.3 - https:\/\/yoast.com\/product\/yoast-seo-wordpress\/ -->\n<title>CAFFENIO.com - Blog<\/title>\n<meta name=\"description\" content=\"Caffenio es una empresa 100% mexicana en constante innovaci\u00f3n, y m\u00e1s que productores del mejor caf\u00e9 en M\u00e9xico.\" \/>\n<meta name=\"robots\" content=\"index, follow, max-snippet:-1, max-image-preview:large, max-video-preview:-1\" \/>\n<link rel=\"canonical\" href=\"https:\/\/caffenio.com\/en\/blog\/\" \/>\n<meta property=\"og:locale\" content=\"en_US\" \/>\n<meta property=\"og:type\" content=\"article\" \/>\n<meta property=\"og:title\" content=\"CAFFENIO.com - Blog\" \/>\n<meta property=\"og:description\" content=\"Caffenio es una empresa 100% mexicana en constante innovaci\u00f3n, y m\u00e1s que productores del mejor caf\u00e9 en M\u00e9xico.\" \/>\n<meta property=\"og:url\" content=\"https:\/\/caffenio.com\/en\/blog\/\" \/>\n<meta property=\"og:site_name\" content=\"CAFFENIO.com\" \/>\n<meta property=\"article:modified_time\" content=\"2023-01-13T17:49:44+00:00\" \/>\n<meta property=\"og:image\" content=\"https:\/\/caffenio.com\/wp-content\/uploads\/2022\/01\/img01.jpeg\" \/>\n\t<meta property=\"og:image:width\" content=\"561\" \/>\n\t<meta property=\"og:image:height\" content=\"315\" \/>\n\t<meta property=\"og:image:type\" content=\"image\/jpeg\" \/>\n<meta name=\"twitter:card\" content=\"summary_large_image\" \/>\n<script type=\"application\/ld+json\" class=\"yoast-schema-graph\">{\"@context\":\"https:\\\/\\\/schema.org\",\"@graph\":[{\"@type\":\"WebPage\",\"@id\":\"https:\\\/\\\/caffenio.com\\\/en\\\/blog\\\/\",\"url\":\"https:\\\/\\\/caffenio.com\\\/en\\\/blog\\\/\",\"name\":\"CAFFENIO.com - Blog\",\"isPartOf\":{\"@id\":\"https:\\\/\\\/caffenio.com\\\/en\\\/#website\"},\"primaryImageOfPage\":{\"@id\":\"https:\\\/\\\/caffenio.com\\\/en\\\/blog\\\/#primaryimage\"},\"image\":{\"@id\":\"https:\\\/\\\/caffenio.com\\\/en\\\/blog\\\/#primaryimage\"},\"thumbnailUrl\":\"https:\\\/\\\/caffenio.com\\\/wp-content\\\/uploads\\\/2022\\\/01\\\/img01.jpeg\",\"datePublished\":\"2022-11-06T01:47:45+00:00\",\"dateModified\":\"2023-01-13T17:49:44+00:00\",\"description\":\"Caffenio es una empresa 100% mexicana en constante innovaci\u00f3n, y m\u00e1s que productores del mejor caf\u00e9 en M\u00e9xico.\",\"breadcrumb\":{\"@id\":\"https:\\\/\\\/caffenio.com\\\/en\\\/blog\\\/#breadcrumb\"},\"inLanguage\":\"en\",\"potentialAction\":[{\"@type\":\"ReadAction\",\"target\":[\"https:\\\/\\\/caffenio.com\\\/en\\\/blog\\\/\"]}]},{\"@type\":\"ImageObject\",\"inLanguage\":\"en\",\"@id\":\"https:\\\/\\\/caffenio.com\\\/en\\\/blog\\\/#primaryimage\",\"url\":\"https:\\\/\\\/caffenio.com\\\/wp-content\\\/uploads\\\/2022\\\/01\\\/img01.jpeg\",\"contentUrl\":\"https:\\\/\\\/caffenio.com\\\/wp-content\\\/uploads\\\/2022\\\/01\\\/img01.jpeg\",\"width\":561,\"height\":315},{\"@type\":\"BreadcrumbList\",\"@id\":\"https:\\\/\\\/caffenio.com\\\/en\\\/blog\\\/#breadcrumb\",\"itemListElement\":[{\"@type\":\"ListItem\",\"position\":1,\"name\":\"Home\",\"item\":\"https:\\\/\\\/caffenio.com\\\/en\\\/\"},{\"@type\":\"ListItem\",\"position\":2,\"name\":\"Blog\"}]},{\"@type\":\"WebSite\",\"@id\":\"https:\\\/\\\/caffenio.com\\\/en\\\/#website\",\"url\":\"https:\\\/\\\/caffenio.com\\\/en\\\/\",\"name\":\"CAFFENIO.com\",\"description\":\"EL mejor caf\u00e9 a tu alcance\",\"publisher\":{\"@id\":\"https:\\\/\\\/caffenio.com\\\/en\\\/#organization\"},\"potentialAction\":[{\"@type\":\"SearchAction\",\"target\":{\"@type\":\"EntryPoint\",\"urlTemplate\":\"https:\\\/\\\/caffenio.com\\\/en\\\/?s={search_term_string}\"},\"query-input\":{\"@type\":\"PropertyValueSpecification\",\"valueRequired\":true,\"valueName\":\"search_term_string\"}}],\"inLanguage\":\"en\"},{\"@type\":\"Organization\",\"@id\":\"https:\\\/\\\/caffenio.com\\\/en\\\/#organization\",\"name\":\"CAFFENIO.com\",\"url\":\"https:\\\/\\\/caffenio.com\\\/en\\\/\",\"logo\":{\"@type\":\"ImageObject\",\"inLanguage\":\"en\",\"@id\":\"https:\\\/\\\/caffenio.com\\\/en\\\/#\\\/schema\\\/logo\\\/image\\\/\",\"url\":\"https:\\\/\\\/caffenio.com\\\/wp-content\\\/uploads\\\/2023\\\/10\\\/caffenio-logo-1.png\",\"contentUrl\":\"https:\\\/\\\/caffenio.com\\\/wp-content\\\/uploads\\\/2023\\\/10\\\/caffenio-logo-1.png\",\"width\":820,\"height\":142,\"caption\":\"CAFFENIO.com\"},\"image\":{\"@id\":\"https:\\\/\\\/caffenio.com\\\/en\\\/#\\\/schema\\\/logo\\\/image\\\/\"}}]}<\/script>\n<!-- \/ Yoast SEO plugin. -->","yoast_head_json":{"title":"CAFFENIO.com - Blog","description":"Caffenio es una empresa 100% mexicana en constante innovaci\u00f3n, y m\u00e1s que productores del mejor caf\u00e9 en M\u00e9xico.","robots":{"index":"index","follow":"follow","max-snippet":"max-snippet:-1","max-image-preview":"max-image-preview:large","max-video-preview":"max-video-preview:-1"},"canonical":"https:\/\/caffenio.com\/en\/blog\/","og_locale":"en_US","og_type":"article","og_title":"CAFFENIO.com - Blog","og_description":"Caffenio es una empresa 100% mexicana en constante innovaci\u00f3n, y m\u00e1s que productores del mejor caf\u00e9 en M\u00e9xico.","og_url":"https:\/\/caffenio.com\/en\/blog\/","og_site_name":"CAFFENIO.com","article_modified_time":"2023-01-13T17:49:44+00:00","og_image":[{"width":561,"height":315,"url":"https:\/\/caffenio.com\/wp-content\/uploads\/2022\/01\/img01.jpeg","type":"image\/jpeg"}],"twitter_card":"summary_large_image","schema":{"@context":"https:\/\/schema.org","@graph":[{"@type":"WebPage","@id":"https:\/\/caffenio.com\/en\/blog\/","url":"https:\/\/caffenio.com\/en\/blog\/","name":"CAFFENIO.com - Blog","isPartOf":{"@id":"https:\/\/caffenio.com\/en\/#website"},"primaryImageOfPage":{"@id":"https:\/\/caffenio.com\/en\/blog\/#primaryimage"},"image":{"@id":"https:\/\/caffenio.com\/en\/blog\/#primaryimage"},"thumbnailUrl":"https:\/\/caffenio.com\/wp-content\/uploads\/2022\/01\/img01.jpeg","datePublished":"2022-11-06T01:47:45+00:00","dateModified":"2023-01-13T17:49:44+00:00","description":"Caffenio es una empresa 100% mexicana en constante innovaci\u00f3n, y m\u00e1s que productores del mejor caf\u00e9 en M\u00e9xico.","breadcrumb":{"@id":"https:\/\/caffenio.com\/en\/blog\/#breadcrumb"},"inLanguage":"en","potentialAction":[{"@type":"ReadAction","target":["https:\/\/caffenio.com\/en\/blog\/"]}]},{"@type":"ImageObject","inLanguage":"en","@id":"https:\/\/caffenio.com\/en\/blog\/#primaryimage","url":"https:\/\/caffenio.com\/wp-content\/uploads\/2022\/01\/img01.jpeg","contentUrl":"https:\/\/caffenio.com\/wp-content\/uploads\/2022\/01\/img01.jpeg","width":561,"height":315},{"@type":"BreadcrumbList","@id":"https:\/\/caffenio.com\/en\/blog\/#breadcrumb","itemListElement":[{"@type":"ListItem","position":1,"name":"Home","item":"https:\/\/caffenio.com\/en\/"},{"@type":"ListItem","position":2,"name":"Blog"}]},{"@type":"WebSite","@id":"https:\/\/caffenio.com\/en\/#website","url":"https:\/\/caffenio.com\/en\/","name":"CAFFENIO.com","description":"EL mejor caf\u00e9 a tu alcance","publisher":{"@id":"https:\/\/caffenio.com\/en\/#organization"},"potentialAction":[{"@type":"SearchAction","target":{"@type":"EntryPoint","urlTemplate":"https:\/\/caffenio.com\/en\/?s={search_term_string}"},"query-input":{"@type":"PropertyValueSpecification","valueRequired":true,"valueName":"search_term_string"}}],"inLanguage":"en"},{"@type":"Organization","@id":"https:\/\/caffenio.com\/en\/#organization","name":"CAFFENIO.com","url":"https:\/\/caffenio.com\/en\/","logo":{"@type":"ImageObject","inLanguage":"en","@id":"https:\/\/caffenio.com\/en\/#\/schema\/logo\/image\/","url":"https:\/\/caffenio.com\/wp-content\/uploads\/2023\/10\/caffenio-logo-1.png","contentUrl":"https:\/\/caffenio.com\/wp-content\/uploads\/2023\/10\/caffenio-logo-1.png","width":820,"height":142,"caption":"CAFFENIO.com"},"image":{"@id":"https:\/\/caffenio.com\/en\/#\/schema\/logo\/image\/"}}]}},"_links":{"self":[{"href":"https:\/\/caffenio.com\/en\/wp-json\/wp\/v2\/pages\/4030","targetHints":{"allow":["GET"]}}],"collection":[{"href":"https:\/\/caffenio.com\/en\/wp-json\/wp\/v2\/pages"}],"about":[{"href":"https:\/\/caffenio.com\/en\/wp-json\/wp\/v2\/types\/page"}],"author":[{"embeddable":true,"href":"https:\/\/caffenio.com\/en\/wp-json\/wp\/v2\/users\/2"}],"replies":[{"embeddable":true,"href":"https:\/\/caffenio.com\/en\/wp-json\/wp\/v2\/comments?post=4030"}],"version-history":[{"count":2,"href":"https:\/\/caffenio.com\/en\/wp-json\/wp\/v2\/pages\/4030\/revisions"}],"predecessor-version":[{"id":4098,"href":"https:\/\/caffenio.com\/en\/wp-json\/wp\/v2\/pages\/4030\/revisions\/4098"}],"wp:featuredmedia":[{"embeddable":true,"href":"https:\/\/caffenio.com\/en\/wp-json\/wp\/v2\/media\/3936"}],"wp:attachment":[{"href":"https:\/\/caffenio.com\/en\/wp-json\/wp\/v2\/media?parent=4030"}],"curies":[{"name":"wp","href":"https:\/\/api.w.org\/{rel}","templated":true}]}}